{"id":36,"date":"2016-01-21T13:40:31","date_gmt":"2016-01-21T12:40:31","guid":{"rendered":"http:\/\/www.ardacon.com\/?page_id=36"},"modified":"2025-05-21T15:50:43","modified_gmt":"2025-05-21T14:50:43","slug":"home","status":"publish","type":"page","link":"https:\/\/www.ardacon.com\/de\/","title":{"rendered":"Home"},"content":{"rendered":"<section class=\"wpb-content-wrapper\"><p>[vc_row][vc_column css=&#8220;.vc_custom_1457613913244{margin-top: -70px !important;}&#8220;][rev_slider alias=&#8220;homepage-de&#8220;][\/vc_column][\/vc_row][vc_row][vc_column][vc_empty_space height=&#8220;40&#8243;][vc_column_text]\n<h1 style=\"text-align: center; color: #284a9a;\"><strong><em>Wir passen uns Ihrem Unternehmen an!<\/em><\/strong><\/h1>\n[\/vc_column_text][\/vc_column][\/vc_row][vc_row][vc_column][vc_column_text]\n<h4 style=\"text-align: center;\">SAP-Projekte und SAP-Betreuung? Daf\u00fcr brauchen Sie Spezialisten. Wir sind Ihr SAP Business Partner! Ardacon analysiert, implementiert und betreut Ihr SAP-System. Wir sorgen daf\u00fcr, dass die Anwendungen Ihren W\u00fcnschen und Bed\u00fcrfnissen optimal entsprechen. Ob es sich nun um ABAP-Programmierer oder um funktionale Berater handelt: die Spezialisten von Ardacon analysieren Ihre Probleme und l\u00f6sen diese auf kompetente Art und Weise.<\/h4>\n[\/vc_column_text][\/vc_column][\/vc_row][vc_row][vc_column][vc_empty_space height=&#8220;70px&#8220;][\/vc_column][\/vc_row][vc_row][vc_column width=&#8220;1\/3&#8243;]<img loading=\"lazy\" decoding=\"async\" src=\"https:\/\/www.ardacon.com\/wp-content\/uploads\/2016\/01\/startup-photos-e1463124940138.jpg\" width=\"360\" height=\"240\" class=\"\" data-anim-type=\"\" \/>[vc_column_text css=&#8220;.vc_custom_1463938519668{padding-top: 10px !important;padding-bottom: 10px !important;background-color: #feea00 !important;}&#8220;]\n<h3 style=\"text-align: center; color: #ffffff;\">Unsere Dienstleistungen<\/h3>\n<h3 style=\"text-align: center; color: #ffffff;\"><a href=\"http:\/\/www.ardacon.com\/sap-diensten\/\"><i class=\"fa fa-chevron-right fa-2x\" style=\"color:#ffffff\"><\/i><\/a><\/h3>\n[\/vc_column_text][\/vc_column][vc_column width=&#8220;1\/3&#8243;]<img decoding=\"async\" src=\"https:\/\/www.ardacon.com\/wp-content\/uploads\/2016\/01\/colleagues-e1454064949417.jpg\" class=\"\" data-anim-type=\"\" \/>[vc_column_text css=&#8220;.vc_custom_1463938536211{padding-top: 10px !important;padding-bottom: 10px !important;background-color: #e37d00 !important;}&#8220;]\n<h3 style=\"text-align: center; color: #ffffff;\">Unsere Berater<\/h3>\n<h3 style=\"text-align: center; color: #ffffff;\"><a href=\"http:\/\/www.ardacon.com\/consultants\/\"><i class=\"fa fa-chevron-right fa-2x\" style=\"color:#ffffff\"><\/i><\/a><\/h3>\n[\/vc_column_text][\/vc_column][vc_column width=&#8220;1\/3&#8243;]<img decoding=\"async\" src=\"https:\/\/www.ardacon.com\/wp-content\/uploads\/2016\/01\/contact-e1463124985729.jpg\" class=\"\" data-anim-type=\"\" \/>[vc_column_text css=&#8220;.vc_custom_1457606526108{padding-top: 10px !important;padding-bottom: 10px !important;background-color: #ce160f !important;}&#8220;]\n<h3 style=\"text-align: center; color: #ffffff;\">Nehmen Sie direkt Kontakt auf<\/h3>\n<h3 style=\"text-align: center; color: #ffffff;\"><a href=\"http:\/\/www.ardacon.com\/contact\/\"><i class=\"fa fa-chevron-right fa-2x\" style=\"color:#ffffff\"><\/i><\/a><\/h3>\n[\/vc_column_text][\/vc_column][\/vc_row][vc_row][vc_column][vc_empty_space height=&#8220;70px&#8220;][\/vc_column][\/vc_row][vc_row][vc_column][vc_column_text css_animation=&#8220;bottom-to-top&#8220; css=&#8220;.vc_custom_1462350521180{margin-bottom: 0px !important;}&#8220;]\n<p style=\"text-align: center;\"><strong><span style=\"text-align: center; font-size: 30px; color: #284a9a;\">SAP-L\u00f6sungen von Ardacon<\/span><\/strong><\/p>\n[\/vc_column_text][vc_separator border_width=&#8220;4&#8243; el_width=&#8220;50&#8243; margintop=&#8220;-90&#8243;][\/vc_column][\/vc_row][vc_row gap=&#8220;4&#8243;][vc_column width=&#8220;1\/4&#8243;]<div class=\"service-wrapper service-icon-on-top clearfix\"><div class=\"service -margin \"><div class=\"service-icon\"><i class=\"fa fa-cloud\"><\/i><\/div><h4><a target=\"\" href=\"http:\/\/www.ardacon.com\/sap-diensten\/sap-oplossingen\/s4-hana\/\">S4\/HANA<\/a><\/h4><\/div><\/div><div class=\"service-wrapper service-icon-on-top clearfix\"><div class=\"service -margin \"><div class=\"service-icon\"><i class=\"fa fa-money\"><\/i><\/div><h4>Finanzen und Kontrolle<\/h4><\/div><\/div><div class=\"service-wrapper service-icon-on-top clearfix\"><div class=\"service -margin \"><div class=\"service-icon\"><i class=\"fa fa-code\"><\/i><\/div><h4>ABAP<\/h4><\/div><\/div>[\/vc_column][vc_column width=&#8220;1\/4&#8243;]<div class=\"service-wrapper service-icon-on-top clearfix\"><div class=\"service -margin \"><div class=\"service-icon\"><i class=\"fa fa-list-alt\"><\/i><\/div><h4><a target=\"\" href=\"http:\/\/www.ardacon.com\/sap-diensten\/sap-oplossingen\/sap-fiori\/\">Fiori<\/a><\/h4><\/div><\/div><div class=\"service-wrapper service-icon-on-top clearfix\"><div class=\"service -margin \"><div class=\"service-icon\"><i class=\"fa fa-line-chart\"><\/i><\/div><h4>Verkauf und Vertrieb<\/h4><\/div><\/div><div class=\"service-wrapper service-icon-on-top clearfix\"><div class=\"service -margin \"><div class=\"service-icon\"><i class=\"fa fa-calendar\"><\/i><\/div><h4>Produktionsplanung<\/h4><\/div><\/div>[\/vc_column][vc_column width=&#8220;1\/4&#8243;]<div class=\"service-wrapper service-icon-on-top clearfix\"><div class=\"service -margin \"><div class=\"service-icon\"><i class=\"fa fa-code-fork\"><\/i><\/div><h4><a target=\"\" href=\"http:\/\/www.ardacon.com\/sap-diensten\/sap-oplossingen\/sap-workflow\/\">SAP Workflow<\/a><\/h4><\/div><\/div><div class=\"service-wrapper service-icon-on-top clearfix\"><div class=\"service -margin \"><div class=\"service-icon\"><i class=\"fa fa-database\"><\/i><\/div><h4>Materialwirtschaft<\/h4><\/div><\/div><div class=\"service-wrapper service-icon-on-top clearfix\"><div class=\"service -margin \"><div class=\"service-icon\"><i class=\"fa fa-bank\"><\/i><\/div><h4>Stammdaten Governance<\/h4><\/div><\/div>[\/vc_column][vc_column width=&#8220;1\/4&#8243;]<div class=\"service-wrapper service-icon-on-top clearfix\"><div class=\"service -margin \"><div class=\"service-icon\"><i class=\"fa fa-mobile-phone\"><\/i><\/div><h4>Mobile L\u00f6sungen<\/h4><\/div><\/div><div class=\"service-wrapper service-icon-on-top clearfix\"><div class=\"service -margin \"><div class=\"service-icon\"><i class=\"fa fa-wrench\"><\/i><\/div><h4>Anlagenwartung<\/h4><\/div><\/div><div class=\"service-wrapper service-icon-on-top clearfix\"><div class=\"service -margin \"><div class=\"service-icon\"><i class=\"fa fa-tachometer\"><\/i><\/div><h4>BW\/BI<\/h4><\/div><\/div>[\/vc_column][\/vc_row][vc_row][vc_column][vc_empty_space height=&#8220;70px&#8220;][\/vc_column][\/vc_row][vc_row][vc_column][vc_column_text css_animation=&#8220;bottom-to-top&#8220; css=&#8220;.vc_custom_1457605265292{margin-bottom: 0px !important;}&#8220;]\n<p style=\"text-align: center;\"><strong><span style=\"text-align: center; font-size: 30px; color: #284a9a;\">Kundenportfolio<\/span><\/strong><\/p>\n[\/vc_column_text][vc_separator border_width=&#8220;4&#8243; el_width=&#8220;50&#8243; margintop=&#8220;-90&#8243;][\/vc_column][\/vc_row][vc_row][vc_column width=&#8220;1\/6&#8243;]<img decoding=\"async\" src=\"https:\/\/www.ardacon.com\/wp-content\/uploads\/2016\/01\/Emmtec-1.png\" class=\" aligncenter\" data-anim-type=\"\" \/>[\/vc_column][vc_column width=&#8220;1\/6&#8243;]<img decoding=\"async\" src=\"https:\/\/www.ardacon.com\/wp-content\/uploads\/2016\/01\/Friesland-Campina.png\" class=\" aligncenter\" data-anim-type=\"\" \/>[\/vc_column][vc_column width=&#8220;1\/6&#8243;]<img decoding=\"async\" src=\"https:\/\/www.ardacon.com\/wp-content\/uploads\/2016\/01\/RPC-Tedeco.png\" class=\" aligncenter\" data-anim-type=\"\" \/>[\/vc_column][vc_column width=&#8220;1\/6&#8243;]<img decoding=\"async\" src=\"https:\/\/www.ardacon.com\/wp-content\/uploads\/2016\/01\/NS-1.png\" class=\" aligncenter\" data-anim-type=\"\" \/>[\/vc_column][vc_column width=&#8220;1\/6&#8243;]<img decoding=\"async\" src=\"https:\/\/www.ardacon.com\/wp-content\/uploads\/2016\/01\/gasunie.png\" class=\" aligncenter\" data-anim-type=\"\" \/>[\/vc_column][vc_column width=&#8220;1\/6&#8243;]<img decoding=\"async\" src=\"https:\/\/www.ardacon.com\/wp-content\/uploads\/2016\/01\/Enexis.png\" class=\" aligncenter\" data-anim-type=\"\" \/>[\/vc_column][\/vc_row][vc_row][vc_column][vc_empty_space height=&#8220;90px&#8220;][\/vc_column][\/vc_row][vc_row][vc_column][vc_column_text css_animation=&#8220;bottom-to-top&#8220; css=&#8220;.vc_custom_1457605275109{margin-bottom: 0px !important;}&#8220;]\n<p style=\"text-align: center;\"><strong><span style=\"text-align: center; font-size: 30px; color: #284a9a;\">Was sagen unsere Kunden<\/span><\/strong><\/p>\n[\/vc_column_text][vc_separator border_width=&#8220;4&#8243; el_width=&#8220;50&#8243; margintop=&#8220;-90&#8243;][\/vc_column][\/vc_row][vc_row][vc_column width=&#8220;1\/2&#8243;]<div class=\"testimonial with-thumb clearfix\"><div class=\"testimonial-text\">Die Zusammenarbeit mit Ardacon verl\u00e4uft sehr gut und angenehm. Die Berater und deren verschiedene Fachgebiete erg\u00e4nzen einander sehr gut. Zudem verstehen Sie unsere Prozesse perfekt, da Sie bereits Erfahrungen bei verschiedenen Unternehmen gesammelt haben. Unsere internen und logistischen Prozesse wurden enorm vereinfacht und laufen jetzt prima.<\/div><img decoding=\"async\" class=\"testimonial-thumb\" src=\"https:\/\/www.ardacon.com\/wp-content\/uploads\/2016\/01\/RPC-Bebo-77x77.png\" alt=\"Jikke van Beek - De Vries\" \/><h6>Jikke van Beek - De Vries<\/h6><span class=\"testimonial-company\">Supply Chain Manager, RPC Bebo Deventer<\/span><\/div>[vc_empty_space height=&#8220;60px&#8220;][\/vc_column][vc_column width=&#8220;1\/2&#8243; el_class=&#8220;width: 100%&#8220; css=&#8220;.vc_custom_1454075711291{margin-bottom: 10px !important;}&#8220;]<div class=\"testimonial with-thumb clearfix\"><div class=\"testimonial-text\">Ein sehr praktisch eingestelltes Team mit erfahrenen Beratern, die L\u00f6sungen bieten und nicht mit Fragen oder Problemen antworten. Vor Kurzem h\u00f6rte ich einen sch\u00f6nen One-Liner: Gewinner sagen, \u201cdass es m\u00f6glich ist\u201c, Verlierer sagen, \u201cdass es schwer ist\u201c. Ich wei\u00df, zu welcher Kategorie Ardacon geh\u00f6rt!<\/div><img decoding=\"async\" class=\"testimonial-thumb\" src=\"https:\/\/www.ardacon.com\/wp-content\/uploads\/2016\/01\/Van-Rijsingen-Groep-77x77.png\" alt=\"Luc Pastoor\" \/><h6>Luc Pastoor<\/h6><span class=\"testimonial-company\">ICT Manager, Van Rijsingen Groep<\/span><\/div>[vc_empty_space height=&#8220;60px&#8220;][\/vc_column][\/vc_row][vc_row][vc_column][vc_empty_space height=&#8220;30px&#8220;][\/vc_column][\/vc_row]<\/p>\n<\/section>","protected":false},"excerpt":{"rendered":"<p>[vc_row][vc_column css=&#8220;.vc_custom_1457613913244{margin-top: -70px !important;}&#8220;][rev_slider alias=&#8220;homepage-de&#8220;][\/vc_column][\/vc_row][vc_row][vc_column][vc_empty_space height=&#8220;40&#8243;][vc_column_text] Wir passen uns Ihrem Unternehmen an! [\/vc_column_text][\/vc_column][\/vc_row][vc_row][vc_column][vc_column_text] SAP-Projekte und SAP-Betreuung? Daf\u00fcr brauchen Sie Spezialisten. [&hellip;]<\/p>\n","protected":false},"author":1,"featured_media":0,"parent":31,"menu_order":0,"comment_status":"closed","ping_status":"closed","template":"","meta":{"footnotes":""},"class_list":["post-36","page","type-page","status-publish","hentry"],"yoast_head":"<!-- This site is optimized with the Yoast SEO plugin v27.5 - https:\/\/yoast.com\/product\/yoast-seo-wordpress\/ -->\n<title>Uw SAP Business Partner - Ardacon Consulting BV<\/title>\n<meta name=\"description\" content=\"Ardacon analyseert, implementeert en beheert uw SAP-systeem. Als uw SAP business partner zorgen wij dat uw applicaties optimaal aansluiten bij uw wensen\" \/>\n<meta name=\"robots\" content=\"index, follow, max-snippet:-1, max-image-preview:large, max-video-preview:-1\" \/>\n<link rel=\"canonical\" href=\"https:\/\/www.ardacon.com\/\" \/>\n<meta property=\"og:locale\" content=\"de_DE\" \/>\n<meta property=\"og:type\" content=\"article\" \/>\n<meta property=\"og:title\" content=\"Uw SAP Business Partner - Ardacon Consulting BV\" \/>\n<meta property=\"og:description\" content=\"Ardacon analyseert, implementeert en beheert uw SAP-systeem. Als uw SAP business partner zorgen wij dat uw applicaties optimaal aansluiten bij uw wensen\" \/>\n<meta property=\"og:url\" content=\"https:\/\/www.ardacon.com\/\" \/>\n<meta property=\"og:site_name\" content=\"Ardacon\" \/>\n<meta property=\"article:modified_time\" content=\"2025-05-21T14:50:43+00:00\" \/>\n<meta name=\"twitter:card\" content=\"summary_large_image\" \/>\n<meta name=\"twitter:label1\" content=\"Gesch\u00e4tzte Lesezeit\" \/>\n\t<meta name=\"twitter:data1\" content=\"13\u00a0Minuten\" \/>\n<script type=\"application\/ld+json\" class=\"yoast-schema-graph\">{\"@context\":\"https:\\\/\\\/schema.org\",\"@graph\":[{\"@type\":\"WebPage\",\"@id\":\"https:\\\/\\\/www.ardacon.com\\\/\",\"url\":\"https:\\\/\\\/www.ardacon.com\\\/\",\"name\":\"Uw SAP Business Partner - Ardacon Consulting BV\",\"isPartOf\":{\"@id\":\"https:\\\/\\\/www.ardacon.com\\\/#website\"},\"datePublished\":\"2016-01-21T12:40:31+00:00\",\"dateModified\":\"2025-05-21T14:50:43+00:00\",\"description\":\"Ardacon analyseert, implementeert en beheert uw SAP-systeem. Als uw SAP business partner zorgen wij dat uw applicaties optimaal aansluiten bij uw wensen\",\"breadcrumb\":{\"@id\":\"https:\\\/\\\/www.ardacon.com\\\/#breadcrumb\"},\"inLanguage\":\"de\",\"potentialAction\":[{\"@type\":\"ReadAction\",\"target\":[\"https:\\\/\\\/www.ardacon.com\\\/\"]}]},{\"@type\":\"BreadcrumbList\",\"@id\":\"https:\\\/\\\/www.ardacon.com\\\/#breadcrumb\",\"itemListElement\":[{\"@type\":\"ListItem\",\"position\":1,\"name\":\"Home\",\"item\":\"https:\\\/\\\/www.ardacon.com\\\/\"},{\"@type\":\"ListItem\",\"position\":2,\"name\":\"Nieuws\",\"item\":\"https:\\\/\\\/www.ardacon.com\\\/nieuws\\\/\"},{\"@type\":\"ListItem\",\"position\":3,\"name\":\"Home\"}]},{\"@type\":\"WebSite\",\"@id\":\"https:\\\/\\\/www.ardacon.com\\\/#website\",\"url\":\"https:\\\/\\\/www.ardacon.com\\\/\",\"name\":\"Ardacon\",\"description\":\"Uw business partner voor SAP solutions\",\"publisher\":{\"@id\":\"https:\\\/\\\/www.ardacon.com\\\/#organization\"},\"potentialAction\":[{\"@type\":\"SearchAction\",\"target\":{\"@type\":\"EntryPoint\",\"urlTemplate\":\"https:\\\/\\\/www.ardacon.com\\\/?s={search_term_string}\"},\"query-input\":{\"@type\":\"PropertyValueSpecification\",\"valueRequired\":true,\"valueName\":\"search_term_string\"}}],\"inLanguage\":\"de\"},{\"@type\":\"Organization\",\"@id\":\"https:\\\/\\\/www.ardacon.com\\\/#organization\",\"name\":\"Ardacon Consulting BV\",\"url\":\"https:\\\/\\\/www.ardacon.com\\\/\",\"logo\":{\"@type\":\"ImageObject\",\"inLanguage\":\"de\",\"@id\":\"https:\\\/\\\/www.ardacon.com\\\/#\\\/schema\\\/logo\\\/image\\\/\",\"url\":\"https:\\\/\\\/www.ardacon.com\\\/wp-content\\\/uploads\\\/2016\\\/01\\\/logo-ardacon-1-e1455718117689.png\",\"contentUrl\":\"https:\\\/\\\/www.ardacon.com\\\/wp-content\\\/uploads\\\/2016\\\/01\\\/logo-ardacon-1-e1455718117689.png\",\"width\":200,\"height\":100,\"caption\":\"Ardacon Consulting BV\"},\"image\":{\"@id\":\"https:\\\/\\\/www.ardacon.com\\\/#\\\/schema\\\/logo\\\/image\\\/\"}}]}<\/script>\n<!-- \/ Yoast SEO plugin. -->","yoast_head_json":{"title":"Uw SAP Business Partner - Ardacon Consulting BV","description":"Ardacon analyseert, implementeert en beheert uw SAP-systeem. Als uw SAP business partner zorgen wij dat uw applicaties optimaal aansluiten bij uw wensen","robots":{"index":"index","follow":"follow","max-snippet":"max-snippet:-1","max-image-preview":"max-image-preview:large","max-video-preview":"max-video-preview:-1"},"canonical":"https:\/\/www.ardacon.com\/","og_locale":"de_DE","og_type":"article","og_title":"Uw SAP Business Partner - Ardacon Consulting BV","og_description":"Ardacon analyseert, implementeert en beheert uw SAP-systeem. Als uw SAP business partner zorgen wij dat uw applicaties optimaal aansluiten bij uw wensen","og_url":"https:\/\/www.ardacon.com\/","og_site_name":"Ardacon","article_modified_time":"2025-05-21T14:50:43+00:00","twitter_card":"summary_large_image","twitter_misc":{"Gesch\u00e4tzte Lesezeit":"13\u00a0Minuten"},"schema":{"@context":"https:\/\/schema.org","@graph":[{"@type":"WebPage","@id":"https:\/\/www.ardacon.com\/","url":"https:\/\/www.ardacon.com\/","name":"Uw SAP Business Partner - Ardacon Consulting BV","isPartOf":{"@id":"https:\/\/www.ardacon.com\/#website"},"datePublished":"2016-01-21T12:40:31+00:00","dateModified":"2025-05-21T14:50:43+00:00","description":"Ardacon analyseert, implementeert en beheert uw SAP-systeem. Als uw SAP business partner zorgen wij dat uw applicaties optimaal aansluiten bij uw wensen","breadcrumb":{"@id":"https:\/\/www.ardacon.com\/#breadcrumb"},"inLanguage":"de","potentialAction":[{"@type":"ReadAction","target":["https:\/\/www.ardacon.com\/"]}]},{"@type":"BreadcrumbList","@id":"https:\/\/www.ardacon.com\/#breadcrumb","itemListElement":[{"@type":"ListItem","position":1,"name":"Home","item":"https:\/\/www.ardacon.com\/"},{"@type":"ListItem","position":2,"name":"Nieuws","item":"https:\/\/www.ardacon.com\/nieuws\/"},{"@type":"ListItem","position":3,"name":"Home"}]},{"@type":"WebSite","@id":"https:\/\/www.ardacon.com\/#website","url":"https:\/\/www.ardacon.com\/","name":"Ardacon","description":"Uw business partner voor SAP solutions","publisher":{"@id":"https:\/\/www.ardacon.com\/#organization"},"potentialAction":[{"@type":"SearchAction","target":{"@type":"EntryPoint","urlTemplate":"https:\/\/www.ardacon.com\/?s={search_term_string}"},"query-input":{"@type":"PropertyValueSpecification","valueRequired":true,"valueName":"search_term_string"}}],"inLanguage":"de"},{"@type":"Organization","@id":"https:\/\/www.ardacon.com\/#organization","name":"Ardacon Consulting BV","url":"https:\/\/www.ardacon.com\/","logo":{"@type":"ImageObject","inLanguage":"de","@id":"https:\/\/www.ardacon.com\/#\/schema\/logo\/image\/","url":"https:\/\/www.ardacon.com\/wp-content\/uploads\/2016\/01\/logo-ardacon-1-e1455718117689.png","contentUrl":"https:\/\/www.ardacon.com\/wp-content\/uploads\/2016\/01\/logo-ardacon-1-e1455718117689.png","width":200,"height":100,"caption":"Ardacon Consulting BV"},"image":{"@id":"https:\/\/www.ardacon.com\/#\/schema\/logo\/image\/"}}]}},"_links":{"self":[{"href":"https:\/\/www.ardacon.com\/de\/wp-json\/wp\/v2\/pages\/36","targetHints":{"allow":["GET"]}}],"collection":[{"href":"https:\/\/www.ardacon.com\/de\/wp-json\/wp\/v2\/pages"}],"about":[{"href":"https:\/\/www.ardacon.com\/de\/wp-json\/wp\/v2\/types\/page"}],"author":[{"embeddable":true,"href":"https:\/\/www.ardacon.com\/de\/wp-json\/wp\/v2\/users\/1"}],"replies":[{"embeddable":true,"href":"https:\/\/www.ardacon.com\/de\/wp-json\/wp\/v2\/comments?post=36"}],"version-history":[{"count":60,"href":"https:\/\/www.ardacon.com\/de\/wp-json\/wp\/v2\/pages\/36\/revisions"}],"predecessor-version":[{"id":851,"href":"https:\/\/www.ardacon.com\/de\/wp-json\/wp\/v2\/pages\/36\/revisions\/851"}],"up":[{"embeddable":true,"href":"https:\/\/www.ardacon.com\/de\/wp-json\/wp\/v2\/pages\/31"}],"wp:attachment":[{"href":"https:\/\/www.ardacon.com\/de\/wp-json\/wp\/v2\/media?parent=36"}],"curies":[{"name":"wp","href":"https:\/\/api.w.org\/{rel}","templated":true}]}}