{"id":204,"date":"2016-04-28T11:11:49","date_gmt":"2016-04-28T10:11:49","guid":{"rendered":"http:\/\/www.ardacon.com\/?page_id=204"},"modified":"2017-11-20T11:31:11","modified_gmt":"2017-11-20T10:31:11","slug":"sap-workflow","status":"publish","type":"page","link":"https:\/\/www.ardacon.com\/de\/sap-diensten\/sap-oplossingen\/sap-workflow\/","title":{"rendered":"SAP Workflow"},"content":{"rendered":"<section class=\"wpb-content-wrapper\"><p>[vc_row][vc_column][vc_column_text]\n<h3 style=\"text-align: left;\"><strong>Ardacon hat eine\u00a0eigene Arbeitsweise\u00a0entwickelt, die standardm\u00e4\u00dfig in Workflows eingebaut wird. Diese Tools verbessern die Verwaltung der Flows und sorgen daf\u00fcr, dass Workflow-Beantrager zu jedem Zeitpunkt selbst Einsicht in den Status der Flows\u00a0haben.<\/strong><\/h3>\n[\/vc_column_text][\/vc_column][\/vc_row][vc_row][vc_column][vc_empty_space height=&#8220;70px&#8220;][\/vc_column][\/vc_row][vc_row][vc_column width=&#8220;1\/2&#8243;]<img decoding=\"async\" src=\"https:\/\/www.ardacon.com\/wp-content\/uploads\/2016\/04\/SAP-Workflow.png\" width=\"600\" class=\"\" data-anim-type=\"\" \/>[\/vc_column][vc_column width=&#8220;1\/2&#8243;][vc_column_text]\n<p style=\"text-align: center;\"><strong><span style=\"text-align: center; font-size: 30px; color: #284a9a;\">Vorteile von SAP-Workflow<\/span><\/strong><\/p>\n<p>Der Workflow sorgt daf\u00fcr, dass Prozesse mittels eines vorab bestimmten Plans kontrolliert verlaufen. Die ben\u00f6tigen Kontrollen k\u00f6nnen in den Flow eingebaut werden, wonach ein n\u00e4chster Schritt nur dann ausgef\u00fchrt werden kann, wenn die Kontrolle durchgef\u00fchrt wurde.<\/p>\n<p>Zudem sieht man bei jedem Workflow zu jedem Zeitpunkt, wo der Flow sich befindet. Mithilfe grafischer Wiedergaben kann der Status auch bei komplizierten Flows, in denen viele Pl\u00e4ne nebeneinander laufen, einfach angezeigt werden. Danach kann pro Aufgabe und\/oder Abteilung eine detaillierte Analyse durchgef\u00fchrt werden, um zu sehen, wie lange die Ausf\u00fchrung einer bestimmten Aufgabe dauert. Damit verf\u00fcgen Sie \u00fcber die Prozessvariablen, um den Unternehmensprozess weiter zu verbessern.<\/p>\n[\/vc_column_text][\/vc_column][\/vc_row][vc_row][vc_column][vc_empty_space height=&#8220;70px&#8220;][\/vc_column][\/vc_row][vc_row][vc_column][vc_column_text]\n<p style=\"text-align: center;\"><strong><span style=\"text-align: center; font-size: 30px; color: #284a9a;\">Unsere SAP Programmbausteine<\/span><\/strong><\/p>\n[\/vc_column_text][vc_separator border_width=&#8220;4&#8243; el_width=&#8220;50&#8243; margintop=&#8220;-30px&#8220;][\/vc_column][\/vc_row][vc_row][vc_column width=&#8220;1\/4&#8243;][vc_wp_text]<\/p>\n<p style=\"text-align: center;\"><a href=\"http:\/\/www.ardacon.com\/sap-diensten\/sap-oplossingen\/s4-hana\/\"><i class=\"fa fa-cloud fa-5x\" style=\"color:#284a9a\"><\/i><\/a><\/p>\n<h3 style=\"text-align: center;\"><a href=\"http:\/\/www.ardacon.com\/sap-diensten\/sap-oplossingen\/s4-hana\/\"><strong>S\/4HANA<\/strong><\/a><\/h3>\n<p>[\/vc_wp_text][\/vc_column][vc_column width=&#8220;1\/4&#8243;][vc_wp_text]<\/p>\n<p style=\"text-align: center;\"><a href=\"http:\/\/www.ardacon.com\/sap-diensten\/sap-oplossingen\/sap-fiori\/\"><i class=\"fa fa-list-alt fa-5x\" style=\"color:#284a9a\"><\/i><\/a><\/p>\n<h3 style=\"text-align: center;\"><a href=\"http:\/\/www.ardacon.com\/sap-diensten\/sap-oplossingen\/sap-fiori\/\"><strong>Fiori<\/strong><\/a><\/h3>\n<p>[\/vc_wp_text][\/vc_column][vc_column width=&#8220;1\/4&#8243;][vc_wp_text]<\/p>\n<p style=\"text-align: center;\"><a href=\"http:\/\/www.ardacon.com\/sap-diensten\/sap-oplossingen\/sap-workflow\/\"><i class=\"fa fa-code-fork fa-5x\" style=\"color:#284a9a\"><\/i><\/a><\/p>\n<h3 style=\"text-align: center;\"><a href=\"http:\/\/www.ardacon.com\/sap-diensten\/sap-oplossingen\/sap-workflow\/\"><strong>SAP Workflow<\/strong><\/a><\/h3>\n<p>[\/vc_wp_text][\/vc_column][vc_column width=&#8220;1\/4&#8243;][vc_wp_text]<\/p>\n<p style=\"text-align: center;\"><a href=\"http:\/\/www.ardacon.com\/sap-diensten\/sap-oplossingen\/mobile-solutions\/\"><i class=\"fa fa-mobile-phone fa-5x\" style=\"color:#284a9a\"><\/i><\/a><\/p>\n<h3 style=\"text-align: center;\"><a href=\"http:\/\/www.ardacon.com\/sap-diensten\/sap-oplossingen\/mobile-solutions\/\"><strong>Mobile Solutions<\/strong><\/a><\/h3>\n<p>[\/vc_wp_text][\/vc_column][\/vc_row][vc_row][vc_column][vc_empty_space height=&#8220;70px&#8220;][\/vc_column][\/vc_row][vc_row][vc_column][vc_column_text]\n<p style=\"text-align: center;\"><strong><span style=\"text-align: center; font-size: 30px; color: #284a9a;\">Kundenportfolio<\/span><\/strong><\/p>\n[\/vc_column_text][vc_separator border_width=&#8220;4&#8243; el_width=&#8220;50&#8243; margintop=&#8220;-30px&#8220;][\/vc_column][\/vc_row][vc_row][vc_column width=&#8220;1\/6&#8243;]<img decoding=\"async\" src=\"https:\/\/www.ardacon.com\/wp-content\/uploads\/2016\/01\/DSM.png\" class=\" aligncenter\" data-anim-type=\"\" \/>[\/vc_column][vc_column width=&#8220;1\/6&#8243;]<img decoding=\"async\" src=\"https:\/\/www.ardacon.com\/wp-content\/uploads\/2016\/01\/Friesland-Campina.png\" class=\" aligncenter\" data-anim-type=\"\" \/>[\/vc_column][vc_column width=&#8220;1\/6&#8243;]<img decoding=\"async\" src=\"https:\/\/www.ardacon.com\/wp-content\/uploads\/2016\/01\/Isala.png\" class=\" aligncenter\" data-anim-type=\"\" \/>[\/vc_column][vc_column width=&#8220;1\/6&#8243;]<img decoding=\"async\" src=\"https:\/\/www.ardacon.com\/wp-content\/uploads\/2016\/01\/Philips.png\" class=\" aligncenter\" data-anim-type=\"\" \/>[\/vc_column][vc_column width=&#8220;1\/6&#8243;]<img decoding=\"async\" src=\"https:\/\/www.ardacon.com\/wp-content\/uploads\/2016\/01\/Enexis.png\" class=\" aligncenter\" data-anim-type=\"\" \/>[\/vc_column][vc_column width=&#8220;1\/6&#8243;]<img decoding=\"async\" src=\"https:\/\/www.ardacon.com\/wp-content\/uploads\/2016\/01\/NS-1.png\" class=\" aligncenter\" data-anim-type=\"\" \/>[\/vc_column][\/vc_row][vc_row][vc_column][vc_empty_space height=&#8220;70px&#8220;][\/vc_column][\/vc_row]<\/p>\n<\/section>","protected":false},"excerpt":{"rendered":"<p>[vc_row][vc_column][vc_column_text] Ardacon hat eine\u00a0eigene Arbeitsweise\u00a0entwickelt, die standardm\u00e4\u00dfig in Workflows eingebaut wird. Diese Tools verbessern die Verwaltung der Flows und sorgen [&hellip;]<\/p>\n","protected":false},"author":1,"featured_media":0,"parent":115,"menu_order":0,"comment_status":"closed","ping_status":"closed","template":"","meta":{"footnotes":""},"class_list":["post-204","page","type-page","status-publish","hentry"],"yoast_head":"<!-- This site is optimized with the Yoast SEO plugin v27.5 - https:\/\/yoast.com\/product\/yoast-seo-wordpress\/ -->\n<title>Ardacon - SAP Workflow<\/title>\n<meta name=\"description\" content=\"De SAP Workflow zorgt ervoor dat processen gecontroleerd aflopen middels een vooraf bepaald pad.\" \/>\n<meta name=\"robots\" content=\"index, follow, max-snippet:-1, max-image-preview:large, max-video-preview:-1\" \/>\n<link rel=\"canonical\" href=\"https:\/\/www.ardacon.com\/de\/sap-diensten\/sap-oplossingen\/sap-workflow\/\" \/>\n<meta property=\"og:locale\" content=\"de_DE\" \/>\n<meta property=\"og:type\" content=\"article\" \/>\n<meta property=\"og:title\" content=\"Ardacon - SAP Workflow\" \/>\n<meta property=\"og:description\" content=\"De SAP Workflow zorgt ervoor dat processen gecontroleerd aflopen middels een vooraf bepaald pad.\" \/>\n<meta property=\"og:url\" content=\"https:\/\/www.ardacon.com\/de\/sap-diensten\/sap-oplossingen\/sap-workflow\/\" \/>\n<meta property=\"og:site_name\" content=\"Ardacon\" \/>\n<meta property=\"article:modified_time\" content=\"2017-11-20T10:31:11+00:00\" \/>\n<meta name=\"twitter:card\" content=\"summary_large_image\" \/>\n<meta name=\"twitter:label1\" content=\"Gesch\u00e4tzte Lesezeit\" \/>\n\t<meta name=\"twitter:data1\" content=\"7\u00a0Minuten\" \/>\n<script type=\"application\/ld+json\" class=\"yoast-schema-graph\">{\"@context\":\"https:\\\/\\\/schema.org\",\"@graph\":[{\"@type\":\"WebPage\",\"@id\":\"https:\\\/\\\/www.ardacon.com\\\/de\\\/sap-diensten\\\/sap-oplossingen\\\/sap-workflow\\\/\",\"url\":\"https:\\\/\\\/www.ardacon.com\\\/de\\\/sap-diensten\\\/sap-oplossingen\\\/sap-workflow\\\/\",\"name\":\"Ardacon - SAP Workflow\",\"isPartOf\":{\"@id\":\"https:\\\/\\\/www.ardacon.com\\\/#website\"},\"datePublished\":\"2016-04-28T10:11:49+00:00\",\"dateModified\":\"2017-11-20T10:31:11+00:00\",\"description\":\"De SAP Workflow zorgt ervoor dat processen gecontroleerd aflopen middels een vooraf bepaald pad.\",\"breadcrumb\":{\"@id\":\"https:\\\/\\\/www.ardacon.com\\\/de\\\/sap-diensten\\\/sap-oplossingen\\\/sap-workflow\\\/#breadcrumb\"},\"inLanguage\":\"de\",\"potentialAction\":[{\"@type\":\"ReadAction\",\"target\":[\"https:\\\/\\\/www.ardacon.com\\\/de\\\/sap-diensten\\\/sap-oplossingen\\\/sap-workflow\\\/\"]}]},{\"@type\":\"BreadcrumbList\",\"@id\":\"https:\\\/\\\/www.ardacon.com\\\/de\\\/sap-diensten\\\/sap-oplossingen\\\/sap-workflow\\\/#breadcrumb\",\"itemListElement\":[{\"@type\":\"ListItem\",\"position\":1,\"name\":\"Home\",\"item\":\"https:\\\/\\\/www.ardacon.com\\\/\"},{\"@type\":\"ListItem\",\"position\":2,\"name\":\"Diensten\",\"item\":\"https:\\\/\\\/www.ardacon.com\\\/en\\\/sap-diensten\\\/\"},{\"@type\":\"ListItem\",\"position\":3,\"name\":\"SAP solutions\",\"item\":\"https:\\\/\\\/www.ardacon.com\\\/en\\\/sap-diensten\\\/sap-oplossingen\\\/\"},{\"@type\":\"ListItem\",\"position\":4,\"name\":\"SAP Workflow\"}]},{\"@type\":\"WebSite\",\"@id\":\"https:\\\/\\\/www.ardacon.com\\\/#website\",\"url\":\"https:\\\/\\\/www.ardacon.com\\\/\",\"name\":\"Ardacon\",\"description\":\"Uw business partner voor SAP solutions\",\"publisher\":{\"@id\":\"https:\\\/\\\/www.ardacon.com\\\/#organization\"},\"potentialAction\":[{\"@type\":\"SearchAction\",\"target\":{\"@type\":\"EntryPoint\",\"urlTemplate\":\"https:\\\/\\\/www.ardacon.com\\\/?s={search_term_string}\"},\"query-input\":{\"@type\":\"PropertyValueSpecification\",\"valueRequired\":true,\"valueName\":\"search_term_string\"}}],\"inLanguage\":\"de\"},{\"@type\":\"Organization\",\"@id\":\"https:\\\/\\\/www.ardacon.com\\\/#organization\",\"name\":\"Ardacon Consulting BV\",\"url\":\"https:\\\/\\\/www.ardacon.com\\\/\",\"logo\":{\"@type\":\"ImageObject\",\"inLanguage\":\"de\",\"@id\":\"https:\\\/\\\/www.ardacon.com\\\/#\\\/schema\\\/logo\\\/image\\\/\",\"url\":\"https:\\\/\\\/www.ardacon.com\\\/wp-content\\\/uploads\\\/2016\\\/01\\\/logo-ardacon-1-e1455718117689.png\",\"contentUrl\":\"https:\\\/\\\/www.ardacon.com\\\/wp-content\\\/uploads\\\/2016\\\/01\\\/logo-ardacon-1-e1455718117689.png\",\"width\":200,\"height\":100,\"caption\":\"Ardacon Consulting BV\"},\"image\":{\"@id\":\"https:\\\/\\\/www.ardacon.com\\\/#\\\/schema\\\/logo\\\/image\\\/\"}}]}<\/script>\n<!-- \/ Yoast SEO plugin. -->","yoast_head_json":{"title":"Ardacon - SAP Workflow","description":"De SAP Workflow zorgt ervoor dat processen gecontroleerd aflopen middels een vooraf bepaald pad.","robots":{"index":"index","follow":"follow","max-snippet":"max-snippet:-1","max-image-preview":"max-image-preview:large","max-video-preview":"max-video-preview:-1"},"canonical":"https:\/\/www.ardacon.com\/de\/sap-diensten\/sap-oplossingen\/sap-workflow\/","og_locale":"de_DE","og_type":"article","og_title":"Ardacon - SAP Workflow","og_description":"De SAP Workflow zorgt ervoor dat processen gecontroleerd aflopen middels een vooraf bepaald pad.","og_url":"https:\/\/www.ardacon.com\/de\/sap-diensten\/sap-oplossingen\/sap-workflow\/","og_site_name":"Ardacon","article_modified_time":"2017-11-20T10:31:11+00:00","twitter_card":"summary_large_image","twitter_misc":{"Gesch\u00e4tzte Lesezeit":"7\u00a0Minuten"},"schema":{"@context":"https:\/\/schema.org","@graph":[{"@type":"WebPage","@id":"https:\/\/www.ardacon.com\/de\/sap-diensten\/sap-oplossingen\/sap-workflow\/","url":"https:\/\/www.ardacon.com\/de\/sap-diensten\/sap-oplossingen\/sap-workflow\/","name":"Ardacon - SAP Workflow","isPartOf":{"@id":"https:\/\/www.ardacon.com\/#website"},"datePublished":"2016-04-28T10:11:49+00:00","dateModified":"2017-11-20T10:31:11+00:00","description":"De SAP Workflow zorgt ervoor dat processen gecontroleerd aflopen middels een vooraf bepaald pad.","breadcrumb":{"@id":"https:\/\/www.ardacon.com\/de\/sap-diensten\/sap-oplossingen\/sap-workflow\/#breadcrumb"},"inLanguage":"de","potentialAction":[{"@type":"ReadAction","target":["https:\/\/www.ardacon.com\/de\/sap-diensten\/sap-oplossingen\/sap-workflow\/"]}]},{"@type":"BreadcrumbList","@id":"https:\/\/www.ardacon.com\/de\/sap-diensten\/sap-oplossingen\/sap-workflow\/#breadcrumb","itemListElement":[{"@type":"ListItem","position":1,"name":"Home","item":"https:\/\/www.ardacon.com\/"},{"@type":"ListItem","position":2,"name":"Diensten","item":"https:\/\/www.ardacon.com\/en\/sap-diensten\/"},{"@type":"ListItem","position":3,"name":"SAP solutions","item":"https:\/\/www.ardacon.com\/en\/sap-diensten\/sap-oplossingen\/"},{"@type":"ListItem","position":4,"name":"SAP Workflow"}]},{"@type":"WebSite","@id":"https:\/\/www.ardacon.com\/#website","url":"https:\/\/www.ardacon.com\/","name":"Ardacon","description":"Uw business partner voor SAP solutions","publisher":{"@id":"https:\/\/www.ardacon.com\/#organization"},"potentialAction":[{"@type":"SearchAction","target":{"@type":"EntryPoint","urlTemplate":"https:\/\/www.ardacon.com\/?s={search_term_string}"},"query-input":{"@type":"PropertyValueSpecification","valueRequired":true,"valueName":"search_term_string"}}],"inLanguage":"de"},{"@type":"Organization","@id":"https:\/\/www.ardacon.com\/#organization","name":"Ardacon Consulting BV","url":"https:\/\/www.ardacon.com\/","logo":{"@type":"ImageObject","inLanguage":"de","@id":"https:\/\/www.ardacon.com\/#\/schema\/logo\/image\/","url":"https:\/\/www.ardacon.com\/wp-content\/uploads\/2016\/01\/logo-ardacon-1-e1455718117689.png","contentUrl":"https:\/\/www.ardacon.com\/wp-content\/uploads\/2016\/01\/logo-ardacon-1-e1455718117689.png","width":200,"height":100,"caption":"Ardacon Consulting BV"},"image":{"@id":"https:\/\/www.ardacon.com\/#\/schema\/logo\/image\/"}}]}},"_links":{"self":[{"href":"https:\/\/www.ardacon.com\/de\/wp-json\/wp\/v2\/pages\/204","targetHints":{"allow":["GET"]}}],"collection":[{"href":"https:\/\/www.ardacon.com\/de\/wp-json\/wp\/v2\/pages"}],"about":[{"href":"https:\/\/www.ardacon.com\/de\/wp-json\/wp\/v2\/types\/page"}],"author":[{"embeddable":true,"href":"https:\/\/www.ardacon.com\/de\/wp-json\/wp\/v2\/users\/1"}],"replies":[{"embeddable":true,"href":"https:\/\/www.ardacon.com\/de\/wp-json\/wp\/v2\/comments?post=204"}],"version-history":[{"count":25,"href":"https:\/\/www.ardacon.com\/de\/wp-json\/wp\/v2\/pages\/204\/revisions"}],"predecessor-version":[{"id":595,"href":"https:\/\/www.ardacon.com\/de\/wp-json\/wp\/v2\/pages\/204\/revisions\/595"}],"up":[{"embeddable":true,"href":"https:\/\/www.ardacon.com\/de\/wp-json\/wp\/v2\/pages\/115"}],"wp:attachment":[{"href":"https:\/\/www.ardacon.com\/de\/wp-json\/wp\/v2\/media?parent=204"}],"curies":[{"name":"wp","href":"https:\/\/api.w.org\/{rel}","templated":true}]}}