{"id":201,"date":"2016-04-28T11:11:17","date_gmt":"2016-04-28T10:11:17","guid":{"rendered":"http:\/\/www.ardacon.com\/?page_id=201"},"modified":"2017-03-22T15:20:22","modified_gmt":"2017-03-22T14:20:22","slug":"sap-fiori","status":"publish","type":"page","link":"https:\/\/www.ardacon.com\/de\/sap-diensten\/sap-oplossingen\/sap-fiori\/","title":{"rendered":"SAP Fiori"},"content":{"rendered":"<section class=\"wpb-content-wrapper\"><p>[vc_row][vc_column][vc_column_text]\n<h3 style=\"text-align: left;\"><strong>SAP Fiori ist ein neues IT-Erlebnis f\u00fcr Benutzer. Anstatt generischer Fenster und Felder, die von jedem benutzt werden, liefert Fiori UX (User Experience) personalisierte Apps, die genau die Aufgaben erf\u00fcllen, die vom Benutzer gel\u00f6st werden m\u00fcssen.<\/strong><\/h3>\n[\/vc_column_text][\/vc_column][\/vc_row][vc_row][vc_column][vc_empty_space height=&#8220;40px&#8220;][\/vc_column][\/vc_row][vc_row][vc_column width=&#8220;1\/2&#8243;]<div style=\"max-width:500px;max-height:292px;\"><iframe loading=\"lazy\" title=\"YouTube video player\" width=\"500\" height=\"292\" src=\"http:\/\/www.youtube.com\/embed\/CX5X8ewlD0I?wmode=transparent\" frameborder=\"0\" allowfullscreen><\/iframe><\/div>[\/vc_column][vc_column width=&#8220;1\/2&#8243;][vc_column_text]\n<p style=\"text-align: center;\"><strong><span style=\"text-align: center; font-size: 30px; color: #284a9a;\">Was ist SAP Fiori?<\/span><\/strong><\/p>\n<p>SAP Fiori UX ist eine Antwort von SAP auf die Kritik, dass die SAP Transaktionsfelder zu kompliziert geworden sind. Im Laufe der Jahrzehnte wurden jeder SAP-Transaktion derart viele Funktionen hinzugef\u00fcgt, dass (vor allem neue) Benutzer keinen Durchblick mehr hatten.<\/p>\n<p>SAP Fiori \u00f6ffnet alle SAP-L\u00f6sungen auf eine uniforme und pers\u00f6nliche Weise. Es kann auf jedem Ger\u00e4t, Computer, Laptop, Tablet oder Smartphone verwendet werden, wo und wann der Benutzer dies w\u00fcnscht.<\/p>\n<p><strong>Schauen Sie sich f\u00fcr eine kurze Vorstellung das Video an!<\/strong><\/p>\n<p style=\"text-align: left;\">[\/vc_column_text][\/vc_column][\/vc_row][vc_row][vc_column][vc_empty_space height=&#8220;70px&#8220;][\/vc_column][\/vc_row][vc_row][vc_column width=&#8220;1\/2&#8243;][vc_column_text]\n<p style=\"text-align: center;\"><strong><span style=\"text-align: center; font-size: 30px; color: #284a9a;\">SAP Fiori Apps<\/span><\/strong><\/p>\n<p>Durch den pers\u00f6nlichen Ansatz werden in Zukunft viele neue Apps gebaut werden. F\u00fcr den Bau dieser Apps hat SAP eine Anzahl von Werkzeugen entwickelt, worunter Splash and Build, um auf einfache Weise einen Prototyp f\u00fcr eine App zu entwickeln. Zudem gibt es SAP Web IDE, um neue Apps mithilfe von Standardvorlagen von Grund auf zu bauen.<\/p>\n<p>Auch f\u00fcr den Entwurf und Bau neuer Fiori Apps k\u00f6nnen Sie sich an Ardacon wenden.<\/p>\n[\/vc_column_text][vc_btn title=&#8220;Ich m\u00f6chte meine eigene SAP Fiori App!&#8220; style=&#8220;flat&#8220; shape=&#8220;square&#8220; color=&#8220;green&#8220; align=&#8220;center&#8220; css_animation=&#8220;left-to-right&#8220; link=&#8220;url:http%3A%2F%2Fwww.ardacon.com%2Fcontact%2F||&#8220;][\/vc_column][vc_column width=&#8220;1\/2&#8243;]<img decoding=\"async\" src=\"https:\/\/www.ardacon.com\/wp-content\/uploads\/2016\/04\/sap-fiori.jpg\" width=\"600\" class=\"\" data-anim-type=\"\" \/>[\/vc_column][\/vc_row][vc_row][vc_column][vc_empty_space height=&#8220;70px&#8220;][vc_separator border_width=&#8220;4&#8243; el_width=&#8220;50&#8243; margintop=&#8220;-30px&#8220;][\/vc_column][\/vc_row][vc_row][vc_column][vc_column_text]\n<p style=\"text-align: center;\"><strong><span style=\"text-align: center; font-size: 30px; color: #284a9a;\">Unsere SAP Programmbausteine<\/span><\/strong><\/p>\n<p style=\"text-align: center;\">[\/vc_column_text][\/vc_column][\/vc_row][vc_row][vc_column width=&#8220;1\/4&#8243;][vc_wp_text]<\/p>\n<p style=\"text-align: center;\"><a href=\"http:\/\/www.ardacon.com\/sap-diensten\/sap-oplossingen\/s4-hana\/\"><i class=\"fa fa-cloud fa-5x\" style=\"color:#284a9a\"><\/i><\/a><\/p>\n<h3 style=\"text-align: center;\"><a href=\"http:\/\/www.ardacon.com\/sap-diensten\/sap-oplossingen\/s4-hana\/\"><strong>S\/4HANA<\/strong><\/a><\/h3>\n<p>[\/vc_wp_text][\/vc_column][vc_column width=&#8220;1\/4&#8243;][vc_wp_text]<\/p>\n<p style=\"text-align: center;\"><i class=\"fa fa-list-alt fa-5x\" style=\"color:#284a9a\"><\/i>\n<h3 style=\"text-align: center;\"><a href=\"http:\/\/www.ardacon.com\/sap-diensten\/sap-oplossingen\/sap-fiori\/\"><strong>Fiori<\/strong><\/a><\/h3>\n<p>[\/vc_wp_text][\/vc_column][vc_column width=&#8220;1\/4&#8243;][vc_wp_text]<\/p>\n<p style=\"text-align: center;\"><a href=\"http:\/\/www.ardacon.com\/sap-diensten\/sap-oplossingen\/sap-workflow\/\"><i class=\"fa fa-code-fork fa-5x\" style=\"color:#284a9a\"><\/i><\/a><\/p>\n<h3 style=\"text-align: center;\"><a href=\"http:\/\/www.ardacon.com\/sap-diensten\/sap-oplossingen\/sap-workflow\/\"><strong>SAP Workflow<\/strong><\/a><\/h3>\n<p>[\/vc_wp_text][\/vc_column][vc_column width=&#8220;1\/4&#8243;][vc_wp_text]<\/p>\n<p style=\"text-align: center;\"><a href=\"http:\/\/www.ardacon.com\/sap-diensten\/sap-oplossingen\/mobile-solutions\/\"><i class=\"fa fa-mobile-phone fa-5x\" style=\"color:#284a9a\"><\/i><\/a><\/p>\n<h3 style=\"text-align: center;\"><a href=\"http:\/\/www.ardacon.com\/sap-diensten\/sap-oplossingen\/mobile-solutions\/\"><strong>Mobile Solutions<\/strong><\/a><\/h3>\n<p>[\/vc_wp_text][\/vc_column][\/vc_row][vc_row][vc_column][vc_empty_space height=&#8220;70px&#8220;][\/vc_column][\/vc_row][vc_row][vc_column][vc_cta h2=&#8220;Wir machen zusammen den Schritt vorw\u00e4rts!&#8220; txt_align=&#8220;center&#8220; shape=&#8220;square&#8220; style=&#8220;flat&#8220; color=&#8220;orange&#8220; add_icon=&#8220;bottom&#8220; i_icon_fontawesome=&#8220;fa fa-line-chart&#8220; i_color=&#8220;white&#8220; i_size=&#8220;xl&#8220;]<\/p>\n<h4><span style=\"color: #ffffff;\"><strong>Unsere erfahrenen Berater untersuchen gerne, wie Ardacon Ihrem Unternehmen als Business Partner helfen kann. Z\u00f6gern Sie nicht und machen Sie zusammen mit uns einen Schritt vorw\u00e4rts!<\/strong><\/span><\/h4>\n<p>[\/vc_cta][\/vc_column][\/vc_row][vc_row][vc_column][vc_empty_space height=&#8220;70px&#8220;][\/vc_column][\/vc_row][vc_row][vc_column][vc_column_text]\n<p style=\"text-align: center;\"><strong><span style=\"text-align: center; font-size: 30px; color: #284a9a;\">Kundenportfolio<\/span><\/strong><\/p>\n[\/vc_column_text][vc_separator border_width=&#8220;4&#8243; el_width=&#8220;50&#8243; margintop=&#8220;-30px&#8220;][\/vc_column][\/vc_row][vc_row][vc_column width=&#8220;1\/6&#8243;]<img decoding=\"async\" src=\"https:\/\/www.ardacon.com\/wp-content\/uploads\/2016\/01\/Emmtec.png\" class=\" aligncenter\" data-anim-type=\"\" \/>[\/vc_column][vc_column width=&#8220;1\/6&#8243;]<img decoding=\"async\" src=\"https:\/\/www.ardacon.com\/wp-content\/uploads\/2016\/01\/Friesland-Campina.png\" class=\" aligncenter\" data-anim-type=\"\" \/>[\/vc_column][vc_column width=&#8220;1\/6&#8243;]<img decoding=\"async\" src=\"https:\/\/www.ardacon.com\/wp-content\/uploads\/2016\/03\/Rijko.png\" class=\" aligncenter\" data-anim-type=\"\" \/>[\/vc_column][vc_column width=&#8220;1\/6&#8243;]<img decoding=\"async\" src=\"https:\/\/www.ardacon.com\/wp-content\/uploads\/2016\/01\/gasunie.png\" class=\" aligncenter\" data-anim-type=\"\" \/>[\/vc_column][vc_column width=&#8220;1\/6&#8243;]<img decoding=\"async\" src=\"https:\/\/www.ardacon.com\/wp-content\/uploads\/2016\/01\/Enexis.png\" class=\" aligncenter\" data-anim-type=\"\" \/>[\/vc_column][vc_column width=&#8220;1\/6&#8243;]<img decoding=\"async\" src=\"https:\/\/www.ardacon.com\/wp-content\/uploads\/2016\/01\/RPC-Tedeco.png\" class=\" aligncenter\" data-anim-type=\"\" \/>[\/vc_column][\/vc_row][vc_row][vc_column][vc_empty_space height=&#8220;70px&#8220;][\/vc_column][\/vc_row]<\/p>\n<\/section>","protected":false},"excerpt":{"rendered":"<p>[vc_row][vc_column][vc_column_text] SAP Fiori ist ein neues IT-Erlebnis f\u00fcr Benutzer. Anstatt generischer Fenster und Felder, die von jedem benutzt werden, liefert [&hellip;]<\/p>\n","protected":false},"author":1,"featured_media":0,"parent":115,"menu_order":0,"comment_status":"closed","ping_status":"closed","template":"","meta":{"footnotes":""},"class_list":["post-201","page","type-page","status-publish","hentry"],"yoast_head":"<!-- This site is optimized with the Yoast SEO plugin v27.5 - https:\/\/yoast.com\/product\/yoast-seo-wordpress\/ -->\n<title>SAP Fiori - Ardacon<\/title>\n<meta name=\"description\" content=\"SAP Fiori geeft in plaats van generieke schermen die door iedereen gebruikt worden komt Fiori met gepersonificeerde app\u2019s\" \/>\n<meta name=\"robots\" content=\"index, follow, max-snippet:-1, max-image-preview:large, max-video-preview:-1\" \/>\n<link rel=\"canonical\" href=\"https:\/\/www.ardacon.com\/en\/sap-diensten\/sap-oplossingen\/sap-fiori\/\" \/>\n<meta property=\"og:locale\" content=\"de_DE\" \/>\n<meta property=\"og:type\" content=\"article\" \/>\n<meta property=\"og:title\" content=\"SAP Fiori - Ardacon\" \/>\n<meta property=\"og:description\" content=\"SAP Fiori geeft in plaats van generieke schermen die door iedereen gebruikt worden komt Fiori met gepersonificeerde app\u2019s\" \/>\n<meta property=\"og:url\" content=\"https:\/\/www.ardacon.com\/en\/sap-diensten\/sap-oplossingen\/sap-fiori\/\" \/>\n<meta property=\"og:site_name\" content=\"Ardacon\" \/>\n<meta property=\"article:modified_time\" content=\"2017-03-22T14:20:22+00:00\" \/>\n<meta name=\"twitter:card\" content=\"summary_large_image\" \/>\n<meta name=\"twitter:label1\" content=\"Gesch\u00e4tzte Lesezeit\" \/>\n\t<meta name=\"twitter:data1\" content=\"11\u00a0Minuten\" \/>\n<script type=\"application\/ld+json\" class=\"yoast-schema-graph\">{\"@context\":\"https:\\\/\\\/schema.org\",\"@graph\":[{\"@type\":\"WebPage\",\"@id\":\"https:\\\/\\\/www.ardacon.com\\\/en\\\/sap-diensten\\\/sap-oplossingen\\\/sap-fiori\\\/\",\"url\":\"https:\\\/\\\/www.ardacon.com\\\/en\\\/sap-diensten\\\/sap-oplossingen\\\/sap-fiori\\\/\",\"name\":\"SAP Fiori - Ardacon\",\"isPartOf\":{\"@id\":\"https:\\\/\\\/www.ardacon.com\\\/#website\"},\"datePublished\":\"2016-04-28T10:11:17+00:00\",\"dateModified\":\"2017-03-22T14:20:22+00:00\",\"description\":\"SAP Fiori geeft in plaats van generieke schermen die door iedereen gebruikt worden komt Fiori met gepersonificeerde app\u2019s\",\"breadcrumb\":{\"@id\":\"https:\\\/\\\/www.ardacon.com\\\/en\\\/sap-diensten\\\/sap-oplossingen\\\/sap-fiori\\\/#breadcrumb\"},\"inLanguage\":\"de\",\"potentialAction\":[{\"@type\":\"ReadAction\",\"target\":[\"https:\\\/\\\/www.ardacon.com\\\/en\\\/sap-diensten\\\/sap-oplossingen\\\/sap-fiori\\\/\"]}]},{\"@type\":\"BreadcrumbList\",\"@id\":\"https:\\\/\\\/www.ardacon.com\\\/en\\\/sap-diensten\\\/sap-oplossingen\\\/sap-fiori\\\/#breadcrumb\",\"itemListElement\":[{\"@type\":\"ListItem\",\"position\":1,\"name\":\"Home\",\"item\":\"https:\\\/\\\/www.ardacon.com\\\/\"},{\"@type\":\"ListItem\",\"position\":2,\"name\":\"Diensten\",\"item\":\"https:\\\/\\\/www.ardacon.com\\\/en\\\/sap-diensten\\\/\"},{\"@type\":\"ListItem\",\"position\":3,\"name\":\"SAP solutions\",\"item\":\"https:\\\/\\\/www.ardacon.com\\\/en\\\/sap-diensten\\\/sap-oplossingen\\\/\"},{\"@type\":\"ListItem\",\"position\":4,\"name\":\"SAP Fiori\"}]},{\"@type\":\"WebSite\",\"@id\":\"https:\\\/\\\/www.ardacon.com\\\/#website\",\"url\":\"https:\\\/\\\/www.ardacon.com\\\/\",\"name\":\"Ardacon\",\"description\":\"Uw business partner voor SAP solutions\",\"publisher\":{\"@id\":\"https:\\\/\\\/www.ardacon.com\\\/#organization\"},\"potentialAction\":[{\"@type\":\"SearchAction\",\"target\":{\"@type\":\"EntryPoint\",\"urlTemplate\":\"https:\\\/\\\/www.ardacon.com\\\/?s={search_term_string}\"},\"query-input\":{\"@type\":\"PropertyValueSpecification\",\"valueRequired\":true,\"valueName\":\"search_term_string\"}}],\"inLanguage\":\"de\"},{\"@type\":\"Organization\",\"@id\":\"https:\\\/\\\/www.ardacon.com\\\/#organization\",\"name\":\"Ardacon Consulting BV\",\"url\":\"https:\\\/\\\/www.ardacon.com\\\/\",\"logo\":{\"@type\":\"ImageObject\",\"inLanguage\":\"de\",\"@id\":\"https:\\\/\\\/www.ardacon.com\\\/#\\\/schema\\\/logo\\\/image\\\/\",\"url\":\"https:\\\/\\\/www.ardacon.com\\\/wp-content\\\/uploads\\\/2016\\\/01\\\/logo-ardacon-1-e1455718117689.png\",\"contentUrl\":\"https:\\\/\\\/www.ardacon.com\\\/wp-content\\\/uploads\\\/2016\\\/01\\\/logo-ardacon-1-e1455718117689.png\",\"width\":200,\"height\":100,\"caption\":\"Ardacon Consulting BV\"},\"image\":{\"@id\":\"https:\\\/\\\/www.ardacon.com\\\/#\\\/schema\\\/logo\\\/image\\\/\"}}]}<\/script>\n<!-- \/ Yoast SEO plugin. -->","yoast_head_json":{"title":"SAP Fiori - Ardacon","description":"SAP Fiori geeft in plaats van generieke schermen die door iedereen gebruikt worden komt Fiori met gepersonificeerde app\u2019s","robots":{"index":"index","follow":"follow","max-snippet":"max-snippet:-1","max-image-preview":"max-image-preview:large","max-video-preview":"max-video-preview:-1"},"canonical":"https:\/\/www.ardacon.com\/en\/sap-diensten\/sap-oplossingen\/sap-fiori\/","og_locale":"de_DE","og_type":"article","og_title":"SAP Fiori - Ardacon","og_description":"SAP Fiori geeft in plaats van generieke schermen die door iedereen gebruikt worden komt Fiori met gepersonificeerde app\u2019s","og_url":"https:\/\/www.ardacon.com\/en\/sap-diensten\/sap-oplossingen\/sap-fiori\/","og_site_name":"Ardacon","article_modified_time":"2017-03-22T14:20:22+00:00","twitter_card":"summary_large_image","twitter_misc":{"Gesch\u00e4tzte Lesezeit":"11\u00a0Minuten"},"schema":{"@context":"https:\/\/schema.org","@graph":[{"@type":"WebPage","@id":"https:\/\/www.ardacon.com\/en\/sap-diensten\/sap-oplossingen\/sap-fiori\/","url":"https:\/\/www.ardacon.com\/en\/sap-diensten\/sap-oplossingen\/sap-fiori\/","name":"SAP Fiori - Ardacon","isPartOf":{"@id":"https:\/\/www.ardacon.com\/#website"},"datePublished":"2016-04-28T10:11:17+00:00","dateModified":"2017-03-22T14:20:22+00:00","description":"SAP Fiori geeft in plaats van generieke schermen die door iedereen gebruikt worden komt Fiori met gepersonificeerde app\u2019s","breadcrumb":{"@id":"https:\/\/www.ardacon.com\/en\/sap-diensten\/sap-oplossingen\/sap-fiori\/#breadcrumb"},"inLanguage":"de","potentialAction":[{"@type":"ReadAction","target":["https:\/\/www.ardacon.com\/en\/sap-diensten\/sap-oplossingen\/sap-fiori\/"]}]},{"@type":"BreadcrumbList","@id":"https:\/\/www.ardacon.com\/en\/sap-diensten\/sap-oplossingen\/sap-fiori\/#breadcrumb","itemListElement":[{"@type":"ListItem","position":1,"name":"Home","item":"https:\/\/www.ardacon.com\/"},{"@type":"ListItem","position":2,"name":"Diensten","item":"https:\/\/www.ardacon.com\/en\/sap-diensten\/"},{"@type":"ListItem","position":3,"name":"SAP solutions","item":"https:\/\/www.ardacon.com\/en\/sap-diensten\/sap-oplossingen\/"},{"@type":"ListItem","position":4,"name":"SAP Fiori"}]},{"@type":"WebSite","@id":"https:\/\/www.ardacon.com\/#website","url":"https:\/\/www.ardacon.com\/","name":"Ardacon","description":"Uw business partner voor SAP solutions","publisher":{"@id":"https:\/\/www.ardacon.com\/#organization"},"potentialAction":[{"@type":"SearchAction","target":{"@type":"EntryPoint","urlTemplate":"https:\/\/www.ardacon.com\/?s={search_term_string}"},"query-input":{"@type":"PropertyValueSpecification","valueRequired":true,"valueName":"search_term_string"}}],"inLanguage":"de"},{"@type":"Organization","@id":"https:\/\/www.ardacon.com\/#organization","name":"Ardacon Consulting BV","url":"https:\/\/www.ardacon.com\/","logo":{"@type":"ImageObject","inLanguage":"de","@id":"https:\/\/www.ardacon.com\/#\/schema\/logo\/image\/","url":"https:\/\/www.ardacon.com\/wp-content\/uploads\/2016\/01\/logo-ardacon-1-e1455718117689.png","contentUrl":"https:\/\/www.ardacon.com\/wp-content\/uploads\/2016\/01\/logo-ardacon-1-e1455718117689.png","width":200,"height":100,"caption":"Ardacon Consulting BV"},"image":{"@id":"https:\/\/www.ardacon.com\/#\/schema\/logo\/image\/"}}]}},"_links":{"self":[{"href":"https:\/\/www.ardacon.com\/de\/wp-json\/wp\/v2\/pages\/201","targetHints":{"allow":["GET"]}}],"collection":[{"href":"https:\/\/www.ardacon.com\/de\/wp-json\/wp\/v2\/pages"}],"about":[{"href":"https:\/\/www.ardacon.com\/de\/wp-json\/wp\/v2\/types\/page"}],"author":[{"embeddable":true,"href":"https:\/\/www.ardacon.com\/de\/wp-json\/wp\/v2\/users\/1"}],"replies":[{"embeddable":true,"href":"https:\/\/www.ardacon.com\/de\/wp-json\/wp\/v2\/comments?post=201"}],"version-history":[{"count":14,"href":"https:\/\/www.ardacon.com\/de\/wp-json\/wp\/v2\/pages\/201\/revisions"}],"predecessor-version":[{"id":581,"href":"https:\/\/www.ardacon.com\/de\/wp-json\/wp\/v2\/pages\/201\/revisions\/581"}],"up":[{"embeddable":true,"href":"https:\/\/www.ardacon.com\/de\/wp-json\/wp\/v2\/pages\/115"}],"wp:attachment":[{"href":"https:\/\/www.ardacon.com\/de\/wp-json\/wp\/v2\/media?parent=201"}],"curies":[{"name":"wp","href":"https:\/\/api.w.org\/{rel}","templated":true}]}}