{"id":198,"date":"2016-04-28T11:10:17","date_gmt":"2016-04-28T10:10:17","guid":{"rendered":"http:\/\/www.ardacon.com\/?page_id=198"},"modified":"2017-02-02T12:06:34","modified_gmt":"2017-02-02T11:06:34","slug":"s4-hana","status":"publish","type":"page","link":"https:\/\/www.ardacon.com\/de\/sap-diensten\/sap-oplossingen\/s4-hana\/","title":{"rendered":"S\/4HANA"},"content":{"rendered":"<section class=\"wpb-content-wrapper\"><p>[vc_row][vc_column][vc_wp_text]<\/p>\n<h3 style=\"text-align: left;\"><strong>In der digitalen \u00d6konomie liegt die Basis der Zukunft darin, der Konkurrenz einen Schritt vorauszubleiben. Dies erreichen Sie, indem Sie integrierte Systemprozesse realisieren, Daten und Netzwerke vorhersagen und Ergebnisse simulieren. Wenn Sie imstande sind, vorherzusagen, was Ihre Kunden w\u00fcnschen und bessere Prognosen zu erstellen, bleiben Sie Ihren Konkurrenten meilenweit voraus. <\/strong><\/h3>\n<p>[\/vc_wp_text][\/vc_column][\/vc_row][vc_row][vc_column width=&#8220;1\/2&#8243; css=&#8220;.vc_custom_1462342818796{margin-left: -10px !important;padding-top: 10px !important;padding-bottom: 10px !important;}&#8220;]<div style=\"max-width:560px;max-height:315px;\"><iframe loading=\"lazy\" title=\"YouTube video player\" width=\"560\" height=\"315\" src=\"http:\/\/www.youtube.com\/embed\/nwTVjjfpM0s?wmode=transparent\" frameborder=\"0\" allowfullscreen><\/iframe><\/div>[\/vc_column][vc_column width=&#8220;1\/2&#8243; css=&#8220;.vc_custom_1462343936495{padding-top: 10px !important;padding-bottom: 10px !important;}&#8220;][vc_wp_text]<\/p>\n<h2><strong><span style=\"color: #284a9a;\">S\/4HANA reagiert einfacher auf Innovationen!<\/span><\/strong><\/h2>\n<p>Da S\/4HANA auf der fortschrittlichsten in-memory Plattform SAP HANA beruht, wird ein Datenmodell einfacher erstellt, die Benutzerfreundlichkeit erh\u00f6ht und Entscheidungsverfahren und Unternehmensprozesse beschleunigt. Mit S\/4HANA reagiert SAP auf Innovationen wie Internet of Things, Big Data und mobile-first, die einen Mehrwert f\u00fcr das komplette Unternehmen bieten![\/vc_wp_text][\/vc_column][\/vc_row][vc_row][vc_column][vc_empty_space height=&#8220;70px&#8220;][\/vc_column][\/vc_row][vc_row][vc_column css=&#8220;.vc_custom_1462343910539{padding-top: 25px !important;padding-bottom: 25px !important;}&#8220;][vc_wp_text]<\/p>\n<blockquote>\n<h1 style=\"text-align: left;\"><span style=\"color: #284a9a;\"><strong>&#8222;Wir von Arcadon behaupten, dass alle Benutzer innerhalb von 10 Jahren auf S\/4HANA umgestiegen sind!&#8220;<\/strong><\/span><\/h1>\n<\/blockquote>\n<p>[\/vc_wp_text][\/vc_column][\/vc_row][vc_row][vc_column css=&#8220;.vc_custom_1463124630530{margin-top: 25px !important;background-color: #e37d00 !important;}&#8220;][vc_column_text css=&#8220;.vc_custom_1463646042480{background-color: #e37d00 !important;}&#8220;]\n<h2 style=\"text-align: center;\"><span style=\"color: #ffffff;\">Vorteile S\/4HANA<\/span><\/h2>\n[\/vc_column_text][\/vc_column][\/vc_row][vc_row][vc_column width=&#8220;1\/2&#8243; css=&#8220;.vc_custom_1463124570213{padding-right: 0px !important;padding-left: 25px !important;background-color: #e37d00 !important;}&#8220;][vc_column_text css=&#8220;.vc_custom_1463124580960{background-color: #e37d00 !important;}&#8220;]\n<h3><span style=\"color: #ffffff;\"><i class=\"fa fa-check\" style=\"color:#ffffff\"><\/i> Vereinfachtes Datenmoll<\/span><\/h3>\n<h3><span style=\"color: #ffffff;\"><i class=\"fa fa-check\" style=\"color:#ffffff\"><\/i> Erh\u00f6hte Benutzerfreundlichkeit<\/span><\/h3>\n<h3><span style=\"color: #ffffff;\"><i class=\"fa fa-check\" style=\"color:#ffffff\"><\/i> Beschleunigte Datenprozesse und daher bessere Entscheidungsverfahren<\/span><\/h3>\n<h3><span style=\"color: #ffffff;\"> <i class=\"fa fa-check\" style=\"color:#ffffff\"><\/i> Bereit f\u00fcr Data und Internet of Things<\/span><\/h3>\n[\/vc_column_text][\/vc_column][vc_column width=&#8220;1\/2&#8243; css=&#8220;.vc_custom_1463124601730{border-left-width: 0px !important;padding-right: 25px !important;padding-left: 25px !important;background-color: #e37d00 !important;}&#8220;][vc_column_text css=&#8220;.vc_custom_1463124591156{background-color: #e37d00 !important;}&#8220;]\n<h3><span style=\"color: #ffffff;\"> <i class=\"fa fa-check\" style=\"color:#ffffff\"><\/i>\u00a0Sowohl in der Cloud als auch lokal<\/span><\/h3>\n<h3><span style=\"color: #ffffff;\"> <i class=\"fa fa-check\" style=\"color:#ffffff\"><\/i>\u00a0Geringere Kosten durch h\u00f6here Effizienz<\/span><\/h3>\n<h3><span style=\"color: #ffffff;\"> <i class=\"fa fa-check\" style=\"color:#ffffff\"><\/i>\u00a0Vollst\u00e4ndige Flexibilit\u00e4t bei der Ausf\u00fchrung der Strategie<\/span><\/h3>\n<h3><span style=\"color: #ffffff;\"> <i class=\"fa fa-check\" style=\"color:#ffffff\"><\/i>\u00a0Auf allen Ger\u00e4ten verf\u00fcgbar<\/span><\/h3>\n[\/vc_column_text][\/vc_column][\/vc_row][vc_row][vc_column][vc_empty_space height=&#8220;70px&#8220;][\/vc_column][\/vc_row][vc_row][vc_column width=&#8220;1\/2&#8243; css=&#8220;.vc_custom_1462343883595{padding-top: 25px !important;padding-bottom: 25px !important;}&#8220;][vc_wp_text]<\/p>\n<h2><strong><span style=\"color: #284a9a;\">Berucht auf der in-memory Plattform SAP HANA<\/span><\/strong><\/h2>\n<p>Mit SAP HANA, der in-memory Plattform, auf der S\/4HANA gebaut wurde, k\u00f6nnen alle Informationen Ihrer Organisation per Knopfdruck angezeigt werden. Im Gegensatz zu alten Datenbanken, die manche Informationen technisch und leistungsbezogen betrachtet noch immer redundant speichern, ist SAP HANA seiner Zeit weit voraus. Die Verkleinerung des Datensets und der ausschlie\u00dfliche Gebrauch einzigartiger Informationen sorgt daf\u00fcr, dass SAP HANA die Daten einfacher speichert und Ihr Unternehmen effizienter arbeiten kann.[\/vc_wp_text][\/vc_column][vc_column width=&#8220;1\/2&#8243; css=&#8220;.vc_custom_1462343893418{padding-top: 25px !important;padding-bottom: 25px !important;}&#8220;]<img decoding=\"async\" src=\"https:\/\/www.ardacon.com\/wp-content\/uploads\/2016\/04\/S4_HANA-1024x558.gif\" class=\"\" data-anim-type=\"\" \/>[\/vc_column][\/vc_row]<\/p>\n<\/section>","protected":false},"excerpt":{"rendered":"<p>[vc_row][vc_column][vc_wp_text] In der digitalen \u00d6konomie liegt die Basis der Zukunft darin, der Konkurrenz einen Schritt vorauszubleiben. Dies erreichen Sie, indem [&hellip;]<\/p>\n","protected":false},"author":1,"featured_media":0,"parent":115,"menu_order":0,"comment_status":"closed","ping_status":"closed","template":"","meta":{"footnotes":""},"class_list":["post-198","page","type-page","status-publish","hentry"],"yoast_head":"<!-- This site is optimized with the Yoast SEO plugin v27.5 - https:\/\/yoast.com\/product\/yoast-seo-wordpress\/ -->\n<title>S\/4HANA - Ardacon<\/title>\n<meta name=\"description\" content=\"Met S\/4 HANA speelt SAP in op innovaties, zoals Internet of Things, Big Data en mobile-first, die direct waarde leveren door de gehele organisatie!\" \/>\n<meta name=\"robots\" content=\"index, follow, max-snippet:-1, max-image-preview:large, max-video-preview:-1\" \/>\n<link rel=\"canonical\" href=\"https:\/\/www.ardacon.com\/de\/sap-diensten\/sap-oplossingen\/s4-hana\/\" \/>\n<meta property=\"og:locale\" content=\"de_DE\" \/>\n<meta property=\"og:type\" content=\"article\" \/>\n<meta property=\"og:title\" content=\"S\/4HANA - Ardacon\" \/>\n<meta property=\"og:description\" content=\"Met S\/4 HANA speelt SAP in op innovaties, zoals Internet of Things, Big Data en mobile-first, die direct waarde leveren door de gehele organisatie!\" \/>\n<meta property=\"og:url\" content=\"https:\/\/www.ardacon.com\/de\/sap-diensten\/sap-oplossingen\/s4-hana\/\" \/>\n<meta property=\"og:site_name\" content=\"Ardacon\" \/>\n<meta property=\"article:modified_time\" content=\"2017-02-02T11:06:34+00:00\" \/>\n<meta name=\"twitter:card\" content=\"summary_large_image\" \/>\n<meta name=\"twitter:label1\" content=\"Gesch\u00e4tzte Lesezeit\" \/>\n\t<meta name=\"twitter:data1\" content=\"9\u00a0Minuten\" \/>\n<script type=\"application\/ld+json\" class=\"yoast-schema-graph\">{\"@context\":\"https:\\\/\\\/schema.org\",\"@graph\":[{\"@type\":\"WebPage\",\"@id\":\"https:\\\/\\\/www.ardacon.com\\\/de\\\/sap-diensten\\\/sap-oplossingen\\\/s4-hana\\\/\",\"url\":\"https:\\\/\\\/www.ardacon.com\\\/de\\\/sap-diensten\\\/sap-oplossingen\\\/s4-hana\\\/\",\"name\":\"S\\\/4HANA - Ardacon\",\"isPartOf\":{\"@id\":\"https:\\\/\\\/www.ardacon.com\\\/#website\"},\"datePublished\":\"2016-04-28T10:10:17+00:00\",\"dateModified\":\"2017-02-02T11:06:34+00:00\",\"description\":\"Met S\\\/4 HANA speelt SAP in op innovaties, zoals Internet of Things, Big Data en mobile-first, die direct waarde leveren door de gehele organisatie!\",\"breadcrumb\":{\"@id\":\"https:\\\/\\\/www.ardacon.com\\\/de\\\/sap-diensten\\\/sap-oplossingen\\\/s4-hana\\\/#breadcrumb\"},\"inLanguage\":\"de\",\"potentialAction\":[{\"@type\":\"ReadAction\",\"target\":[\"https:\\\/\\\/www.ardacon.com\\\/de\\\/sap-diensten\\\/sap-oplossingen\\\/s4-hana\\\/\"]}]},{\"@type\":\"BreadcrumbList\",\"@id\":\"https:\\\/\\\/www.ardacon.com\\\/de\\\/sap-diensten\\\/sap-oplossingen\\\/s4-hana\\\/#breadcrumb\",\"itemListElement\":[{\"@type\":\"ListItem\",\"position\":1,\"name\":\"Home\",\"item\":\"https:\\\/\\\/www.ardacon.com\\\/\"},{\"@type\":\"ListItem\",\"position\":2,\"name\":\"Diensten\",\"item\":\"https:\\\/\\\/www.ardacon.com\\\/en\\\/sap-diensten\\\/\"},{\"@type\":\"ListItem\",\"position\":3,\"name\":\"SAP solutions\",\"item\":\"https:\\\/\\\/www.ardacon.com\\\/en\\\/sap-diensten\\\/sap-oplossingen\\\/\"},{\"@type\":\"ListItem\",\"position\":4,\"name\":\"S\\\/4HANA\"}]},{\"@type\":\"WebSite\",\"@id\":\"https:\\\/\\\/www.ardacon.com\\\/#website\",\"url\":\"https:\\\/\\\/www.ardacon.com\\\/\",\"name\":\"Ardacon\",\"description\":\"Uw business partner voor SAP solutions\",\"publisher\":{\"@id\":\"https:\\\/\\\/www.ardacon.com\\\/#organization\"},\"potentialAction\":[{\"@type\":\"SearchAction\",\"target\":{\"@type\":\"EntryPoint\",\"urlTemplate\":\"https:\\\/\\\/www.ardacon.com\\\/?s={search_term_string}\"},\"query-input\":{\"@type\":\"PropertyValueSpecification\",\"valueRequired\":true,\"valueName\":\"search_term_string\"}}],\"inLanguage\":\"de\"},{\"@type\":\"Organization\",\"@id\":\"https:\\\/\\\/www.ardacon.com\\\/#organization\",\"name\":\"Ardacon Consulting BV\",\"url\":\"https:\\\/\\\/www.ardacon.com\\\/\",\"logo\":{\"@type\":\"ImageObject\",\"inLanguage\":\"de\",\"@id\":\"https:\\\/\\\/www.ardacon.com\\\/#\\\/schema\\\/logo\\\/image\\\/\",\"url\":\"https:\\\/\\\/www.ardacon.com\\\/wp-content\\\/uploads\\\/2016\\\/01\\\/logo-ardacon-1-e1455718117689.png\",\"contentUrl\":\"https:\\\/\\\/www.ardacon.com\\\/wp-content\\\/uploads\\\/2016\\\/01\\\/logo-ardacon-1-e1455718117689.png\",\"width\":200,\"height\":100,\"caption\":\"Ardacon Consulting BV\"},\"image\":{\"@id\":\"https:\\\/\\\/www.ardacon.com\\\/#\\\/schema\\\/logo\\\/image\\\/\"}}]}<\/script>\n<!-- \/ Yoast SEO plugin. -->","yoast_head_json":{"title":"S\/4HANA - Ardacon","description":"Met S\/4 HANA speelt SAP in op innovaties, zoals Internet of Things, Big Data en mobile-first, die direct waarde leveren door de gehele organisatie!","robots":{"index":"index","follow":"follow","max-snippet":"max-snippet:-1","max-image-preview":"max-image-preview:large","max-video-preview":"max-video-preview:-1"},"canonical":"https:\/\/www.ardacon.com\/de\/sap-diensten\/sap-oplossingen\/s4-hana\/","og_locale":"de_DE","og_type":"article","og_title":"S\/4HANA - Ardacon","og_description":"Met S\/4 HANA speelt SAP in op innovaties, zoals Internet of Things, Big Data en mobile-first, die direct waarde leveren door de gehele organisatie!","og_url":"https:\/\/www.ardacon.com\/de\/sap-diensten\/sap-oplossingen\/s4-hana\/","og_site_name":"Ardacon","article_modified_time":"2017-02-02T11:06:34+00:00","twitter_card":"summary_large_image","twitter_misc":{"Gesch\u00e4tzte Lesezeit":"9\u00a0Minuten"},"schema":{"@context":"https:\/\/schema.org","@graph":[{"@type":"WebPage","@id":"https:\/\/www.ardacon.com\/de\/sap-diensten\/sap-oplossingen\/s4-hana\/","url":"https:\/\/www.ardacon.com\/de\/sap-diensten\/sap-oplossingen\/s4-hana\/","name":"S\/4HANA - Ardacon","isPartOf":{"@id":"https:\/\/www.ardacon.com\/#website"},"datePublished":"2016-04-28T10:10:17+00:00","dateModified":"2017-02-02T11:06:34+00:00","description":"Met S\/4 HANA speelt SAP in op innovaties, zoals Internet of Things, Big Data en mobile-first, die direct waarde leveren door de gehele organisatie!","breadcrumb":{"@id":"https:\/\/www.ardacon.com\/de\/sap-diensten\/sap-oplossingen\/s4-hana\/#breadcrumb"},"inLanguage":"de","potentialAction":[{"@type":"ReadAction","target":["https:\/\/www.ardacon.com\/de\/sap-diensten\/sap-oplossingen\/s4-hana\/"]}]},{"@type":"BreadcrumbList","@id":"https:\/\/www.ardacon.com\/de\/sap-diensten\/sap-oplossingen\/s4-hana\/#breadcrumb","itemListElement":[{"@type":"ListItem","position":1,"name":"Home","item":"https:\/\/www.ardacon.com\/"},{"@type":"ListItem","position":2,"name":"Diensten","item":"https:\/\/www.ardacon.com\/en\/sap-diensten\/"},{"@type":"ListItem","position":3,"name":"SAP solutions","item":"https:\/\/www.ardacon.com\/en\/sap-diensten\/sap-oplossingen\/"},{"@type":"ListItem","position":4,"name":"S\/4HANA"}]},{"@type":"WebSite","@id":"https:\/\/www.ardacon.com\/#website","url":"https:\/\/www.ardacon.com\/","name":"Ardacon","description":"Uw business partner voor SAP solutions","publisher":{"@id":"https:\/\/www.ardacon.com\/#organization"},"potentialAction":[{"@type":"SearchAction","target":{"@type":"EntryPoint","urlTemplate":"https:\/\/www.ardacon.com\/?s={search_term_string}"},"query-input":{"@type":"PropertyValueSpecification","valueRequired":true,"valueName":"search_term_string"}}],"inLanguage":"de"},{"@type":"Organization","@id":"https:\/\/www.ardacon.com\/#organization","name":"Ardacon Consulting BV","url":"https:\/\/www.ardacon.com\/","logo":{"@type":"ImageObject","inLanguage":"de","@id":"https:\/\/www.ardacon.com\/#\/schema\/logo\/image\/","url":"https:\/\/www.ardacon.com\/wp-content\/uploads\/2016\/01\/logo-ardacon-1-e1455718117689.png","contentUrl":"https:\/\/www.ardacon.com\/wp-content\/uploads\/2016\/01\/logo-ardacon-1-e1455718117689.png","width":200,"height":100,"caption":"Ardacon Consulting BV"},"image":{"@id":"https:\/\/www.ardacon.com\/#\/schema\/logo\/image\/"}}]}},"_links":{"self":[{"href":"https:\/\/www.ardacon.com\/de\/wp-json\/wp\/v2\/pages\/198","targetHints":{"allow":["GET"]}}],"collection":[{"href":"https:\/\/www.ardacon.com\/de\/wp-json\/wp\/v2\/pages"}],"about":[{"href":"https:\/\/www.ardacon.com\/de\/wp-json\/wp\/v2\/types\/page"}],"author":[{"embeddable":true,"href":"https:\/\/www.ardacon.com\/de\/wp-json\/wp\/v2\/users\/1"}],"replies":[{"embeddable":true,"href":"https:\/\/www.ardacon.com\/de\/wp-json\/wp\/v2\/comments?post=198"}],"version-history":[{"count":18,"href":"https:\/\/www.ardacon.com\/de\/wp-json\/wp\/v2\/pages\/198\/revisions"}],"predecessor-version":[{"id":534,"href":"https:\/\/www.ardacon.com\/de\/wp-json\/wp\/v2\/pages\/198\/revisions\/534"}],"up":[{"embeddable":true,"href":"https:\/\/www.ardacon.com\/de\/wp-json\/wp\/v2\/pages\/115"}],"wp:attachment":[{"href":"https:\/\/www.ardacon.com\/de\/wp-json\/wp\/v2\/media?parent=198"}],"curies":[{"name":"wp","href":"https:\/\/api.w.org\/{rel}","templated":true}]}}