{"id":164,"date":"2016-04-06T08:42:30","date_gmt":"2016-04-06T07:42:30","guid":{"rendered":"http:\/\/www.ardacon.com\/?page_id=164"},"modified":"2022-11-30T23:09:06","modified_gmt":"2022-11-30T22:09:06","slug":"frank-de-vries","status":"publish","type":"page","link":"https:\/\/www.ardacon.com\/de\/consultants\/frank-de-vries\/","title":{"rendered":"Frank de Vries"},"content":{"rendered":"<section class=\"wpb-content-wrapper\"><p>[vc_row][vc_column width=&#8220;1\/3&#8243;]<img decoding=\"async\" src=\"https:\/\/www.ardacon.com\/wp-content\/uploads\/2016\/01\/ardacon-006-683x1024.jpg\" class=\" alignleft\" data-anim-type=\"\" \/>[\/vc_column][vc_column width=&#8220;2\/3&#8243;][vc_column_text]\n<h3>\u201cDank meiner Erfahrungen im In- und Ausland bin ich in der Lage, mit allen Ebenen in Organisationen und Fachbereichen zu kommunizieren.\u201c<\/h3>\n[\/vc_column_text][vc_column_text]\n<p>Mein Name ist Frank de Vries. Nach meinem Studium der Betriebswirtschaft an der Universit\u00e4t Maastricht habe ich bei Anderson Consulting die SAP Academy abgeschlossen. Inzwischen verf\u00fcge ich \u00fcber mehr als 20 Jahre Erfahrung als SAP FICO-Consultant. Ich habe viel Erfahrung mit Template Roll-out-Projekten in u.a. Nordamerika, China und diversen L\u00e4ndern in Europa. Dar\u00fcber hinaus verf\u00fcge ich \u00fcber breite Kenntnisse von Enterprise Modeling, BI, sowie der Integration von FICO mit SD&amp;MM, Product Costing &amp; Asset Management. Dank meiner Erfahrungen im In- und Ausland bin ich in der Lage, mit allen Ebenen in Organisationen und Fachbereichen zu kommunizieren. Meine analytischen \u00a0F\u00e4higkeiten und zielgerichtetes Arbeiten helfen, L\u00f6sungen f\u00fcr aufgetretene Probleme zu finden. Dabei arbeite ich pragmatisch und bin flexibel. [\/vc_column_text][vc_column_text]<strong>Spezialkenntnisse:<br \/>\n<\/strong><i class=\"fa fa-check\" style=\"color:#81d742\"><\/i>\u00a0SAP FICO (ECC.6 &amp; S\/4HANA)<br \/>\n<i class=\"fa fa-check\" style=\"color:#81d742\"><\/i>\u00a0Enterprise Modeling<br \/>\n<i class=\"fa fa-check\" style=\"color:#81d742\"><\/i>\u00a0Business Intelligence<br \/>\n<i class=\"fa fa-check\" style=\"color:#81d742\"><\/i>\u00a0Integratie met SD &amp; MM<br \/>\n<i class=\"fa fa-check\" style=\"color:#81d742\"><\/i>\u00a0Invoice Management<br \/>\n<i class=\"fa fa-check\" style=\"color:#81d742\"><\/i>\u00a0Product Costing<br \/>\n<i class=\"fa fa-check\" style=\"color:#81d742\"><\/i>\u00a0Asset Management<br \/>\n<i class=\"fa fa-check\" style=\"color:#81d742\"><\/i> Project &amp; Change Management[\/vc_column_text][\/vc_column][\/vc_row]<\/p>\n<\/section>","protected":false},"excerpt":{"rendered":"<p>[vc_row][vc_column width=&#8220;1\/3&#8243;][\/vc_column][vc_column width=&#8220;2\/3&#8243;][vc_column_text] \u201cDank meiner Erfahrungen im In- und Ausland bin ich in der Lage, mit allen Ebenen in Organisationen [&hellip;]<\/p>\n","protected":false},"author":1,"featured_media":0,"parent":16,"menu_order":0,"comment_status":"closed","ping_status":"closed","template":"","meta":{"footnotes":""},"class_list":["post-164","page","type-page","status-publish","hentry"],"yoast_head":"<!-- This site is optimized with the Yoast SEO plugin v27.5 - https:\/\/yoast.com\/product\/yoast-seo-wordpress\/ -->\n<title>Ardacon Consultants - Frank de Vries<\/title>\n<meta name=\"description\" content=\"Maak kennis met de ervaren consultants van Ardacon, gespecialiseerd in diverse SAP projecten! Ardacon analyseert, implementeert en beheert uw SAP-systeem. Wij zorgen er voor dat de applicaties optimaal aansluiten bij uw wensen en behoeften.\" \/>\n<meta name=\"robots\" content=\"index, follow, max-snippet:-1, max-image-preview:large, max-video-preview:-1\" \/>\n<link rel=\"canonical\" href=\"https:\/\/www.ardacon.com\/consultants\/frank-de-vries\/\" \/>\n<meta property=\"og:locale\" content=\"de_DE\" \/>\n<meta property=\"og:type\" content=\"article\" \/>\n<meta property=\"og:title\" content=\"Ardacon Consultants - Frank de Vries\" \/>\n<meta property=\"og:description\" content=\"Maak kennis met de ervaren consultants van Ardacon, gespecialiseerd in diverse SAP projecten! Ardacon analyseert, implementeert en beheert uw SAP-systeem. Wij zorgen er voor dat de applicaties optimaal aansluiten bij uw wensen en behoeften.\" \/>\n<meta property=\"og:url\" content=\"https:\/\/www.ardacon.com\/consultants\/frank-de-vries\/\" \/>\n<meta property=\"og:site_name\" content=\"Ardacon\" \/>\n<meta property=\"article:modified_time\" content=\"2022-11-30T22:09:06+00:00\" \/>\n<meta name=\"twitter:card\" content=\"summary_large_image\" \/>\n<meta name=\"twitter:label1\" content=\"Gesch\u00e4tzte Lesezeit\" \/>\n\t<meta name=\"twitter:data1\" content=\"2\u00a0Minuten\" \/>\n<script type=\"application\/ld+json\" class=\"yoast-schema-graph\">{\"@context\":\"https:\\\/\\\/schema.org\",\"@graph\":[{\"@type\":\"WebPage\",\"@id\":\"https:\\\/\\\/www.ardacon.com\\\/consultants\\\/frank-de-vries\\\/\",\"url\":\"https:\\\/\\\/www.ardacon.com\\\/consultants\\\/frank-de-vries\\\/\",\"name\":\"Ardacon Consultants - Frank de Vries\",\"isPartOf\":{\"@id\":\"https:\\\/\\\/www.ardacon.com\\\/#website\"},\"datePublished\":\"2016-04-06T07:42:30+00:00\",\"dateModified\":\"2022-11-30T22:09:06+00:00\",\"description\":\"Maak kennis met de ervaren consultants van Ardacon, gespecialiseerd in diverse SAP projecten! Ardacon analyseert, implementeert en beheert uw SAP-systeem. Wij zorgen er voor dat de applicaties optimaal aansluiten bij uw wensen en behoeften.\",\"breadcrumb\":{\"@id\":\"https:\\\/\\\/www.ardacon.com\\\/consultants\\\/frank-de-vries\\\/#breadcrumb\"},\"inLanguage\":\"de\",\"potentialAction\":[{\"@type\":\"ReadAction\",\"target\":[\"https:\\\/\\\/www.ardacon.com\\\/consultants\\\/frank-de-vries\\\/\"]}]},{\"@type\":\"BreadcrumbList\",\"@id\":\"https:\\\/\\\/www.ardacon.com\\\/consultants\\\/frank-de-vries\\\/#breadcrumb\",\"itemListElement\":[{\"@type\":\"ListItem\",\"position\":1,\"name\":\"Home\",\"item\":\"https:\\\/\\\/www.ardacon.com\\\/\"},{\"@type\":\"ListItem\",\"position\":2,\"name\":\"Consultants\",\"item\":\"https:\\\/\\\/www.ardacon.com\\\/consultants\\\/\"},{\"@type\":\"ListItem\",\"position\":3,\"name\":\"Frank de Vries\"}]},{\"@type\":\"WebSite\",\"@id\":\"https:\\\/\\\/www.ardacon.com\\\/#website\",\"url\":\"https:\\\/\\\/www.ardacon.com\\\/\",\"name\":\"Ardacon\",\"description\":\"Uw business partner voor SAP solutions\",\"publisher\":{\"@id\":\"https:\\\/\\\/www.ardacon.com\\\/#organization\"},\"potentialAction\":[{\"@type\":\"SearchAction\",\"target\":{\"@type\":\"EntryPoint\",\"urlTemplate\":\"https:\\\/\\\/www.ardacon.com\\\/?s={search_term_string}\"},\"query-input\":{\"@type\":\"PropertyValueSpecification\",\"valueRequired\":true,\"valueName\":\"search_term_string\"}}],\"inLanguage\":\"de\"},{\"@type\":\"Organization\",\"@id\":\"https:\\\/\\\/www.ardacon.com\\\/#organization\",\"name\":\"Ardacon Consulting BV\",\"url\":\"https:\\\/\\\/www.ardacon.com\\\/\",\"logo\":{\"@type\":\"ImageObject\",\"inLanguage\":\"de\",\"@id\":\"https:\\\/\\\/www.ardacon.com\\\/#\\\/schema\\\/logo\\\/image\\\/\",\"url\":\"https:\\\/\\\/www.ardacon.com\\\/wp-content\\\/uploads\\\/2016\\\/01\\\/logo-ardacon-1-e1455718117689.png\",\"contentUrl\":\"https:\\\/\\\/www.ardacon.com\\\/wp-content\\\/uploads\\\/2016\\\/01\\\/logo-ardacon-1-e1455718117689.png\",\"width\":200,\"height\":100,\"caption\":\"Ardacon Consulting BV\"},\"image\":{\"@id\":\"https:\\\/\\\/www.ardacon.com\\\/#\\\/schema\\\/logo\\\/image\\\/\"}}]}<\/script>\n<!-- \/ Yoast SEO plugin. -->","yoast_head_json":{"title":"Ardacon Consultants - Frank de Vries","description":"Maak kennis met de ervaren consultants van Ardacon, gespecialiseerd in diverse SAP projecten! Ardacon analyseert, implementeert en beheert uw SAP-systeem. Wij zorgen er voor dat de applicaties optimaal aansluiten bij uw wensen en behoeften.","robots":{"index":"index","follow":"follow","max-snippet":"max-snippet:-1","max-image-preview":"max-image-preview:large","max-video-preview":"max-video-preview:-1"},"canonical":"https:\/\/www.ardacon.com\/consultants\/frank-de-vries\/","og_locale":"de_DE","og_type":"article","og_title":"Ardacon Consultants - Frank de Vries","og_description":"Maak kennis met de ervaren consultants van Ardacon, gespecialiseerd in diverse SAP projecten! Ardacon analyseert, implementeert en beheert uw SAP-systeem. Wij zorgen er voor dat de applicaties optimaal aansluiten bij uw wensen en behoeften.","og_url":"https:\/\/www.ardacon.com\/consultants\/frank-de-vries\/","og_site_name":"Ardacon","article_modified_time":"2022-11-30T22:09:06+00:00","twitter_card":"summary_large_image","twitter_misc":{"Gesch\u00e4tzte Lesezeit":"2\u00a0Minuten"},"schema":{"@context":"https:\/\/schema.org","@graph":[{"@type":"WebPage","@id":"https:\/\/www.ardacon.com\/consultants\/frank-de-vries\/","url":"https:\/\/www.ardacon.com\/consultants\/frank-de-vries\/","name":"Ardacon Consultants - Frank de Vries","isPartOf":{"@id":"https:\/\/www.ardacon.com\/#website"},"datePublished":"2016-04-06T07:42:30+00:00","dateModified":"2022-11-30T22:09:06+00:00","description":"Maak kennis met de ervaren consultants van Ardacon, gespecialiseerd in diverse SAP projecten! Ardacon analyseert, implementeert en beheert uw SAP-systeem. Wij zorgen er voor dat de applicaties optimaal aansluiten bij uw wensen en behoeften.","breadcrumb":{"@id":"https:\/\/www.ardacon.com\/consultants\/frank-de-vries\/#breadcrumb"},"inLanguage":"de","potentialAction":[{"@type":"ReadAction","target":["https:\/\/www.ardacon.com\/consultants\/frank-de-vries\/"]}]},{"@type":"BreadcrumbList","@id":"https:\/\/www.ardacon.com\/consultants\/frank-de-vries\/#breadcrumb","itemListElement":[{"@type":"ListItem","position":1,"name":"Home","item":"https:\/\/www.ardacon.com\/"},{"@type":"ListItem","position":2,"name":"Consultants","item":"https:\/\/www.ardacon.com\/consultants\/"},{"@type":"ListItem","position":3,"name":"Frank de Vries"}]},{"@type":"WebSite","@id":"https:\/\/www.ardacon.com\/#website","url":"https:\/\/www.ardacon.com\/","name":"Ardacon","description":"Uw business partner voor SAP solutions","publisher":{"@id":"https:\/\/www.ardacon.com\/#organization"},"potentialAction":[{"@type":"SearchAction","target":{"@type":"EntryPoint","urlTemplate":"https:\/\/www.ardacon.com\/?s={search_term_string}"},"query-input":{"@type":"PropertyValueSpecification","valueRequired":true,"valueName":"search_term_string"}}],"inLanguage":"de"},{"@type":"Organization","@id":"https:\/\/www.ardacon.com\/#organization","name":"Ardacon Consulting BV","url":"https:\/\/www.ardacon.com\/","logo":{"@type":"ImageObject","inLanguage":"de","@id":"https:\/\/www.ardacon.com\/#\/schema\/logo\/image\/","url":"https:\/\/www.ardacon.com\/wp-content\/uploads\/2016\/01\/logo-ardacon-1-e1455718117689.png","contentUrl":"https:\/\/www.ardacon.com\/wp-content\/uploads\/2016\/01\/logo-ardacon-1-e1455718117689.png","width":200,"height":100,"caption":"Ardacon Consulting BV"},"image":{"@id":"https:\/\/www.ardacon.com\/#\/schema\/logo\/image\/"}}]}},"_links":{"self":[{"href":"https:\/\/www.ardacon.com\/de\/wp-json\/wp\/v2\/pages\/164","targetHints":{"allow":["GET"]}}],"collection":[{"href":"https:\/\/www.ardacon.com\/de\/wp-json\/wp\/v2\/pages"}],"about":[{"href":"https:\/\/www.ardacon.com\/de\/wp-json\/wp\/v2\/types\/page"}],"author":[{"embeddable":true,"href":"https:\/\/www.ardacon.com\/de\/wp-json\/wp\/v2\/users\/1"}],"replies":[{"embeddable":true,"href":"https:\/\/www.ardacon.com\/de\/wp-json\/wp\/v2\/comments?post=164"}],"version-history":[{"count":31,"href":"https:\/\/www.ardacon.com\/de\/wp-json\/wp\/v2\/pages\/164\/revisions"}],"predecessor-version":[{"id":714,"href":"https:\/\/www.ardacon.com\/de\/wp-json\/wp\/v2\/pages\/164\/revisions\/714"}],"up":[{"embeddable":true,"href":"https:\/\/www.ardacon.com\/de\/wp-json\/wp\/v2\/pages\/16"}],"wp:attachment":[{"href":"https:\/\/www.ardacon.com\/de\/wp-json\/wp\/v2\/media?parent=164"}],"curies":[{"name":"wp","href":"https:\/\/api.w.org\/{rel}","templated":true}]}}