{"id":13,"date":"2016-01-21T09:38:33","date_gmt":"2016-01-21T08:38:33","guid":{"rendered":"http:\/\/www.ardacon.com\/?page_id=13"},"modified":"2025-05-21T21:31:55","modified_gmt":"2025-05-21T20:31:55","slug":"sap-diensten","status":"publish","type":"page","link":"https:\/\/www.ardacon.com\/de\/sap-diensten\/","title":{"rendered":"Dienstleistungen"},"content":{"rendered":"<section class=\"wpb-content-wrapper\"><p>[vc_row][vc_column]<img decoding=\"async\" src=\"https:\/\/www.ardacon.com\/wp-content\/uploads\/2016\/01\/AvelonFioriinvoiceoverviewnew.png\" width=\"750\" class=\" aligncenter\" data-anim-type=\"\" \/>[\/vc_column][vc_column][vc_empty_space][\/vc_column][\/vc_row][vc_row][vc_column css=&#8220;.vc_custom_1457527690718{margin-top: -20px !important;}&#8220;][vc_column_text css=&#8220;.vc_custom_1457600110004{padding-bottom: -10px !important;}&#8220;]\n<h3 style=\"text-align: center;\"><strong>Ardacon Consulting Ardacon Consulting BV bietet SAP-Dienstleistungen f\u00fcr die meisten funktionalen Gebiete von SAP. Die Kenntnisse der Ardacon Berater beschr\u00e4nken nicht nur auf 1 Modul, sondern durch jahrelange Erfahrung hat jeder Berater umfangreiche Kenntnisse mehrerer SAP-Module und der Integration zwischen diesen Modulen gesammelt.<\/strong><\/h3>\n[\/vc_column_text][vc_separator border_width=&#8220;2&#8243; margintop=&#8220;-20px&#8220;][\/vc_column][\/vc_row][vc_row][vc_column css=&#8220;.vc_custom_1457527690718{margin-top: -20px !important;}&#8220;][vc_empty_space][\/vc_column][\/vc_row][vc_row][vc_column width=&#8220;1\/3&#8243;][vc_icon icon_fontawesome=&#8220;fa fa-laptop&#8220; color=&#8220;white&#8220; background_style=&#8220;boxed&#8220; background_color=&#8220;custom&#8220; size=&#8220;xl&#8220; align=&#8220;center&#8220; custom_background_color=&#8220;#feea00&#8243; link=&#8220;url:http%3A%2F%2Fwww.ardacon.com%2Fsap-diensten%2Fsap-oplossingen%2F||&#8220;][vc_column_text]\n<p style=\"text-align: center;\"><a href=\"http:\/\/www.ardacon.com\/diensten\/sap-oplossingen\/\"><strong><span style=\"text-align: center; font-size: 24px; color: #284a9a;\">SAP-L\u00f6sungen<\/span><\/strong><\/a><\/p>\n[\/vc_column_text][vc_column_text]\n<p style=\"text-align: center;\">Ein SAP-System ist eine ziemliche Investition in Ihr Unternehmen. Aus diesem Grund muss diese Investition nahtlos zu Ihren Betriebsprozessen passen und maximal genutzt werden k\u00f6nnen.<\/p>\n[\/vc_column_text][\/vc_column][vc_column width=&#8220;1\/3&#8243;][vc_icon icon_fontawesome=&#8220;fa fa-keyboard-o&#8220; color=&#8220;white&#8220; background_style=&#8220;boxed&#8220; background_color=&#8220;custom&#8220; size=&#8220;xl&#8220; align=&#8220;center&#8220; custom_background_color=&#8220;#e37d00&#8243; link=&#8220;url:http%3A%2F%2Fwww.ardacon.com%2Fsap-diensten%2Fsap-applicatiebeheer%2F||&#8220;][vc_column_text]\n<p style=\"text-align: center;\"><strong><span style=\"text-align: center; font-size: 24px; color: #284a9a;\">Anwendungsbetreuung<\/span><\/strong><\/p>\n[\/vc_column_text][vc_column_text]\n<p style=\"text-align: center;\">Die Berater und Programmierer von Ardacon Consulting BV haben jeweils jahrelange Erfahrung in deren Fachgebiet gesammelt. Dies macht Ardacon Consulting BV unter anderem zu einem extrem starken Spezialisten auf dem Gebiet der SAP-Anwendungsbetreuung.<\/p>\n[\/vc_column_text][\/vc_column][vc_column width=&#8220;1\/3&#8243;][vc_icon icon_fontawesome=&#8220;fa fa-graduation-cap&#8220; color=&#8220;white&#8220; background_style=&#8220;boxed&#8220; background_color=&#8220;custom&#8220; size=&#8220;xl&#8220; align=&#8220;center&#8220; custom_background_color=&#8220;#ce160f&#8220; link=&#8220;url:http%3A%2F%2Fwww.ardacon.com%2Fdemo%2Fwordpress%2Fdiensten%2Ftrainingen%2F||&#8220;][vc_column_text]\n<p style=\"text-align: center;\"><strong><span style=\"text-align: center; font-size: 24px; color: #284a9a;\">Trainings<\/span><\/strong><\/p>\n[\/vc_column_text][vc_column_text]\n<div class=\"vc_row wpb_row\">\n<div class=\"wpb_column vc_column_container vc_col-sm-12\">\n<div class=\"vc_column-inner \">\n<div class=\"wpb_wrapper\">\n<div class=\"wpb_text_column wpb_content_element \">\n<div class=\"wpb_wrapper\">\n<p style=\"text-align: center;\">Wir beteiligen Sie an allen Aspekten von SAP. Um die SAP-Dienstleistungen optimal nutzen zu k\u00f6nnen, brauchen Sie Kenntnisse. Aus diesem Grund bietet Ardacon SAP-Trainings an. Spezialisierte Berater schulen Ihre Mitarbeiter, sodass diese mit SAP arbeiten k\u00f6nnen.<\/p>\n<\/div>\n<\/div>\n<\/div>\n<\/div>\n<\/div>\n<\/div>\n[\/vc_column_text][\/vc_column][\/vc_row][vc_row][vc_column][vc_empty_space height=&#8220;50px&#8220;][vc_column_text css=&#8220;.vc_custom_1457605205399{background-position: center !important;background-repeat: no-repeat !important;background-size: cover !important;}&#8220;]\n<p style=\"text-align: center;\"><strong><span style=\"text-align: center; font-size: 30px; color: #284a9a;\">Ardacon Faktzahlen<\/span><\/strong><\/p>\n[\/vc_column_text][vc_separator border_width=&#8220;4&#8243; el_width=&#8220;50&#8243; margintop=&#8220;-30px&#8220;][\/vc_column][\/vc_row][vc_row][vc_column width=&#8220;1\/4&#8243;]<div class=\"milestone-wrapper mt-animated\" data-anim-type=\"\"><div class=\"milestone-number\">23<\/div><div class=\"milestone-sep\"><\/div><div class=\"milestone-title\"><h4> Durchschnittliche Erfahrungsjahre de SAP Berater<\/h4><\/div><\/div>[\/vc_column][vc_column width=&#8220;1\/4&#8243;]<div class=\"milestone-wrapper\"><div class=\"milestone-number\">9<\/div><div class=\"milestone-sep\"><\/div><div class=\"milestone-title\"><h4>Durchschnittsanzahl wiederkehrender Stammkunden (in den letzte 5 Jahren)<\/h4><\/div><\/div>[\/vc_column][vc_column width=&#8220;1\/4&#8243;]<div class=\"milestone-wrapper\"><div class=\"milestone-number\">28<\/div><div class=\"milestone-sep\"><\/div><div class=\"milestone-title\"><h4>SAP Projekte in 2015<\/h4><\/div><\/div>[\/vc_column][vc_column width=&#8220;1\/4&#8243;]<div class=\"milestone-wrapper mt-animated\" data-anim-type=\"\"><div class=\"milestone-number\">7<\/div><div class=\"milestone-sep\"><\/div><div class=\"milestone-title\"><h4>Anzahl der Berater<\/h4><\/div><\/div>[\/vc_column][\/vc_row][vc_row][vc_column][vc_empty_space height=&#8220;60px&#8220;][\/vc_column][\/vc_row][vc_row full_width=&#8220;stretch_row&#8220;][vc_column css=&#8220;.vc_custom_1455724028601{background-color: #284a9a !important;}&#8220;][vc_wp_text]<\/p>\n<h1 style=\"text-align: center;\"><span style=\"color: #ffffff;\">Die Arbeitsweise von Ardacon\u00a0<\/span><\/h1>\n<p>[\/vc_wp_text][\/vc_column][\/vc_row][vc_row][vc_column width=&#8220;1\/3&#8243; css=&#8220;.vc_custom_1455723351747{background-color: #284a9a !important;}&#8220;][vc_wp_text]<\/p>\n<p style=\"text-align: center;\"><span style=\"color: #ffffff;\"><i class=\"fa fa-eye fa-5x\" style=\"color:#ffffff\"><\/i>\u00a0<\/span><\/p>\n<h2 style=\"text-align: center;\"><span style=\"color: #ffffff;\">Analyse<\/span><\/h2>\n<p style=\"text-align: center;\"><span style=\"color: #ffffff;\">Jedes SAP-Projekt beginnt mit einer Analyse der Betriebsprozesse, die in SAP-Prozesse umgesetzt werden.<\/span><\/p>\n<p>[\/vc_wp_text][vc_wp_text]<\/p>\n<p style=\"text-align: center;\"><span style=\"color: #ffffff;\"><i class=\"fa fa-graduation-cap fa-5x\" style=\"color:#ffffff\"><\/i>\u00a0<\/span><\/p>\n<h2 style=\"text-align: center;\"><span style=\"color: #ffffff;\">Schulung<\/span><\/h2>\n<p style=\"text-align: center;\"><span style=\"color: #ffffff;\">Jeder Benutzer wird geschult, um mit der neuen Einrichtung des Systems arbeiten zu k\u00f6nnen.<\/span><\/p>\n<p>[\/vc_wp_text][\/vc_column][vc_column width=&#8220;1\/3&#8243; css=&#8220;.vc_custom_1455723358739{background-color: #284a9a !important;}&#8220;][vc_wp_text]<\/p>\n<p style=\"text-align: center;\"><span style=\"color: #ffffff;\"><i class=\"fa fa-comment fa-5x\" style=\"color:#ffffff\"><\/i>\u00a0<\/span><\/p>\n<h2 style=\"text-align: center;\"><span style=\"color: #ffffff;\">Beratung<\/span><\/h2>\n<p style=\"text-align: center;\"><span style=\"color: #ffffff;\">Nach der Analyse folgen konkrete Ratschl\u00e4ge eines Beraters von Ardacon.<\/span><\/p>\n<p>[\/vc_wp_text][vc_wp_text]<\/p>\n<p style=\"text-align: center;\"><span style=\"color: #ffffff;\"><i class=\"fa fa-rocket fa-5x\" style=\"color:#ffffff\"><\/i>\u00a0<\/span><\/p>\n<h2 style=\"text-align: center;\"><span style=\"color: #ffffff;\">Go live<\/span><\/h2>\n<p style=\"text-align: center;\"><span style=\"color: #ffffff;\">Wenn alle Mitarbeiter geschult und alle Daten migriert wurden, geht das System live<\/span><\/p>\n<p>[\/vc_wp_text][\/vc_column][vc_column width=&#8220;1\/3&#8243; css=&#8220;.vc_custom_1455723366667{background-color: #284a9a !important;}&#8220;][vc_wp_text]<\/p>\n<p style=\"text-align: center;\"><span style=\"color: #ffffff;\"><i class=\"fa fa-desktop fa-5x\" style=\"color:#ffffff\"><\/i>\u00a0<\/span><\/p>\n<h2 style=\"text-align: center;\"><span style=\"color: #ffffff;\">Einrichtung<\/span><\/h2>\n<p style=\"text-align: center;\"><span style=\"color: #ffffff;\">Danach folgt die Einrichtung des ERP-Systems Ihres Unternehmens<\/span><\/p>\n<p>[\/vc_wp_text][vc_wp_text]<\/p>\n<p style=\"text-align: center;\"><span style=\"color: #ffffff;\"><i class=\"fa fa-cogs fa-5x\" style=\"color:#ffffff\"><\/i>\u00a0<\/span><\/p>\n<h2 style=\"text-align: center;\"><span style=\"color: #ffffff;\">Nachbetreuung<\/span><\/h2>\n<p style=\"text-align: center;\"><span style=\"color: #ffffff;\">Nach dem Live-Gang beginnt die Nachbetreuung, w\u00e4hrend der das System regelm\u00e4\u00dfig gewartet wird.<\/span><\/p>\n<p>[\/vc_wp_text][\/vc_column][\/vc_row][vc_row][vc_column][vc_empty_space height=&#8220;50px&#8220;][vc_column_text css=&#8220;.vc_custom_1486038337189{background-position: center !important;background-repeat: no-repeat !important;background-size: cover !important;}&#8220;]\n<p style=\"text-align: center;\"><strong><span style=\"text-align: center; font-size: 30px; color: #284a9a;\">Was sagen unsere Kunden?<\/span><\/strong><\/p>\n[\/vc_column_text][vc_separator border_width=&#8220;4&#8243; el_width=&#8220;50&#8243; margintop=&#8220;-30px&#8220;][\/vc_column][\/vc_row][vc_row][vc_column width=&#8220;1\/2&#8243;]<div class=\"testimonial with-thumb clearfix\"><div class=\"testimonial-text\">Ein sehr praktisch eingestelltes Team mit erfahrenen Beratern, die L\u00f6sungen bieten und nicht mit Fragen oder Problemen antworten. Vor Kurzem h\u00f6rte ich einen sch\u00f6nen One-Liner: Gewinner sagen, \u201cdass es m\u00f6glich ist\u201c, Verlierer sagen, \u201cdass es schwer ist\u201c. Ich wei\u00df, zu welcher Kategorie Ardacon geh\u00f6rt!<\/div><img decoding=\"async\" class=\"testimonial-thumb\" src=\"https:\/\/www.ardacon.com\/wp-content\/uploads\/2016\/01\/Van-Rijsingen-Groep-77x77.png\" alt=\"Luc Pastoor\" \/><h6>Luc Pastoor<\/h6><span class=\"testimonial-company\">ICT Manager, Van Rijsingen Groep<\/span><\/div>[\/vc_column][vc_column width=&#8220;1\/2&#8243;]<div class=\"testimonial with-thumb clearfix\"><div class=\"testimonial-text\">Ardacon hat uns in den letzten Jahren regelm\u00e4\u00dfig und erfolgreich sowohl bei SAP-Funktionalit\u00e4t als auch in SAP Projekten unterst\u00fctzt.<br \/>\nCharakteristisch ist eine pragmatische und ergebnisorientierte Vorgehensweise. Mit der Hilfe von verschiedenen Beratern kann in der Praxis ein gro\u00dfer SAP-Wissens-Bereich abgedeckt werden.<\/div><img decoding=\"async\" class=\"testimonial-thumb\" src=\"https:\/\/www.ardacon.com\/wp-content\/uploads\/2016\/01\/DSM-1-77x77.png\" alt=\"Ronald Esveldt\" \/><h6>Ronald Esveldt<\/h6><span class=\"testimonial-company\">Director ERP projects, DSM Resins &amp; Functional Materials<\/span><\/div>[\/vc_column][\/vc_row]<\/p>\n<\/section>","protected":false},"excerpt":{"rendered":"<p>[vc_row][vc_column][\/vc_column][vc_column][vc_empty_space][\/vc_column][\/vc_row][vc_row][vc_column css=&#8220;.vc_custom_1457527690718{margin-top: -20px !important;}&#8220;][vc_column_text css=&#8220;.vc_custom_1457600110004{padding-bottom: -10px !important;}&#8220;] Ardacon Consulting Ardacon Consulting BV bietet SAP-Dienstleistungen f\u00fcr die meisten funktionalen Gebiete von [&hellip;]<\/p>\n","protected":false},"author":1,"featured_media":0,"parent":0,"menu_order":0,"comment_status":"closed","ping_status":"closed","template":"","meta":{"footnotes":""},"class_list":["post-13","page","type-page","status-publish","hentry"],"yoast_head":"<!-- This site is optimized with the Yoast SEO plugin v27.5 - https:\/\/yoast.com\/product\/yoast-seo-wordpress\/ -->\n<title>SAP Diensten - Ardacon Consulting BV<\/title>\n<meta name=\"description\" content=\"Ardacon biedt diensten aan op de meeste functionele gebieden van SAP. Wij analyseren, beheren en implementeren uw SAP systeem. Bekijk al onze SAP diensten.\" \/>\n<meta name=\"robots\" content=\"index, follow, max-snippet:-1, max-image-preview:large, max-video-preview:-1\" \/>\n<link rel=\"canonical\" href=\"https:\/\/www.ardacon.com\/en\/sap-diensten\/\" \/>\n<meta property=\"og:locale\" content=\"de_DE\" \/>\n<meta property=\"og:type\" content=\"article\" \/>\n<meta property=\"og:title\" content=\"SAP Diensten - Ardacon Consulting BV\" \/>\n<meta property=\"og:description\" content=\"Ardacon biedt diensten aan op de meeste functionele gebieden van SAP. Wij analyseren, beheren en implementeren uw SAP systeem. Bekijk al onze SAP diensten.\" \/>\n<meta property=\"og:url\" content=\"https:\/\/www.ardacon.com\/en\/sap-diensten\/\" \/>\n<meta property=\"og:site_name\" content=\"Ardacon\" \/>\n<meta property=\"article:modified_time\" content=\"2025-05-21T20:31:55+00:00\" \/>\n<meta name=\"twitter:card\" content=\"summary_large_image\" \/>\n<meta name=\"twitter:label1\" content=\"Gesch\u00e4tzte Lesezeit\" \/>\n\t<meta name=\"twitter:data1\" content=\"14\u00a0Minuten\" \/>\n<script type=\"application\/ld+json\" class=\"yoast-schema-graph\">{\"@context\":\"https:\\\/\\\/schema.org\",\"@graph\":[{\"@type\":\"WebPage\",\"@id\":\"https:\\\/\\\/www.ardacon.com\\\/en\\\/sap-diensten\\\/\",\"url\":\"https:\\\/\\\/www.ardacon.com\\\/en\\\/sap-diensten\\\/\",\"name\":\"SAP Diensten - Ardacon Consulting BV\",\"isPartOf\":{\"@id\":\"https:\\\/\\\/www.ardacon.com\\\/#website\"},\"datePublished\":\"2016-01-21T08:38:33+00:00\",\"dateModified\":\"2025-05-21T20:31:55+00:00\",\"description\":\"Ardacon biedt diensten aan op de meeste functionele gebieden van SAP. Wij analyseren, beheren en implementeren uw SAP systeem. Bekijk al onze SAP diensten.\",\"breadcrumb\":{\"@id\":\"https:\\\/\\\/www.ardacon.com\\\/en\\\/sap-diensten\\\/#breadcrumb\"},\"inLanguage\":\"de\",\"potentialAction\":[{\"@type\":\"ReadAction\",\"target\":[\"https:\\\/\\\/www.ardacon.com\\\/en\\\/sap-diensten\\\/\"]}]},{\"@type\":\"BreadcrumbList\",\"@id\":\"https:\\\/\\\/www.ardacon.com\\\/en\\\/sap-diensten\\\/#breadcrumb\",\"itemListElement\":[{\"@type\":\"ListItem\",\"position\":1,\"name\":\"Home\",\"item\":\"https:\\\/\\\/www.ardacon.com\\\/\"},{\"@type\":\"ListItem\",\"position\":2,\"name\":\"Diensten\"}]},{\"@type\":\"WebSite\",\"@id\":\"https:\\\/\\\/www.ardacon.com\\\/#website\",\"url\":\"https:\\\/\\\/www.ardacon.com\\\/\",\"name\":\"Ardacon\",\"description\":\"Uw business partner voor SAP solutions\",\"publisher\":{\"@id\":\"https:\\\/\\\/www.ardacon.com\\\/#organization\"},\"potentialAction\":[{\"@type\":\"SearchAction\",\"target\":{\"@type\":\"EntryPoint\",\"urlTemplate\":\"https:\\\/\\\/www.ardacon.com\\\/?s={search_term_string}\"},\"query-input\":{\"@type\":\"PropertyValueSpecification\",\"valueRequired\":true,\"valueName\":\"search_term_string\"}}],\"inLanguage\":\"de\"},{\"@type\":\"Organization\",\"@id\":\"https:\\\/\\\/www.ardacon.com\\\/#organization\",\"name\":\"Ardacon Consulting BV\",\"url\":\"https:\\\/\\\/www.ardacon.com\\\/\",\"logo\":{\"@type\":\"ImageObject\",\"inLanguage\":\"de\",\"@id\":\"https:\\\/\\\/www.ardacon.com\\\/#\\\/schema\\\/logo\\\/image\\\/\",\"url\":\"https:\\\/\\\/www.ardacon.com\\\/wp-content\\\/uploads\\\/2016\\\/01\\\/logo-ardacon-1-e1455718117689.png\",\"contentUrl\":\"https:\\\/\\\/www.ardacon.com\\\/wp-content\\\/uploads\\\/2016\\\/01\\\/logo-ardacon-1-e1455718117689.png\",\"width\":200,\"height\":100,\"caption\":\"Ardacon Consulting BV\"},\"image\":{\"@id\":\"https:\\\/\\\/www.ardacon.com\\\/#\\\/schema\\\/logo\\\/image\\\/\"}}]}<\/script>\n<!-- \/ Yoast SEO plugin. -->","yoast_head_json":{"title":"SAP Diensten - Ardacon Consulting BV","description":"Ardacon biedt diensten aan op de meeste functionele gebieden van SAP. Wij analyseren, beheren en implementeren uw SAP systeem. Bekijk al onze SAP diensten.","robots":{"index":"index","follow":"follow","max-snippet":"max-snippet:-1","max-image-preview":"max-image-preview:large","max-video-preview":"max-video-preview:-1"},"canonical":"https:\/\/www.ardacon.com\/en\/sap-diensten\/","og_locale":"de_DE","og_type":"article","og_title":"SAP Diensten - Ardacon Consulting BV","og_description":"Ardacon biedt diensten aan op de meeste functionele gebieden van SAP. Wij analyseren, beheren en implementeren uw SAP systeem. Bekijk al onze SAP diensten.","og_url":"https:\/\/www.ardacon.com\/en\/sap-diensten\/","og_site_name":"Ardacon","article_modified_time":"2025-05-21T20:31:55+00:00","twitter_card":"summary_large_image","twitter_misc":{"Gesch\u00e4tzte Lesezeit":"14\u00a0Minuten"},"schema":{"@context":"https:\/\/schema.org","@graph":[{"@type":"WebPage","@id":"https:\/\/www.ardacon.com\/en\/sap-diensten\/","url":"https:\/\/www.ardacon.com\/en\/sap-diensten\/","name":"SAP Diensten - Ardacon Consulting BV","isPartOf":{"@id":"https:\/\/www.ardacon.com\/#website"},"datePublished":"2016-01-21T08:38:33+00:00","dateModified":"2025-05-21T20:31:55+00:00","description":"Ardacon biedt diensten aan op de meeste functionele gebieden van SAP. Wij analyseren, beheren en implementeren uw SAP systeem. Bekijk al onze SAP diensten.","breadcrumb":{"@id":"https:\/\/www.ardacon.com\/en\/sap-diensten\/#breadcrumb"},"inLanguage":"de","potentialAction":[{"@type":"ReadAction","target":["https:\/\/www.ardacon.com\/en\/sap-diensten\/"]}]},{"@type":"BreadcrumbList","@id":"https:\/\/www.ardacon.com\/en\/sap-diensten\/#breadcrumb","itemListElement":[{"@type":"ListItem","position":1,"name":"Home","item":"https:\/\/www.ardacon.com\/"},{"@type":"ListItem","position":2,"name":"Diensten"}]},{"@type":"WebSite","@id":"https:\/\/www.ardacon.com\/#website","url":"https:\/\/www.ardacon.com\/","name":"Ardacon","description":"Uw business partner voor SAP solutions","publisher":{"@id":"https:\/\/www.ardacon.com\/#organization"},"potentialAction":[{"@type":"SearchAction","target":{"@type":"EntryPoint","urlTemplate":"https:\/\/www.ardacon.com\/?s={search_term_string}"},"query-input":{"@type":"PropertyValueSpecification","valueRequired":true,"valueName":"search_term_string"}}],"inLanguage":"de"},{"@type":"Organization","@id":"https:\/\/www.ardacon.com\/#organization","name":"Ardacon Consulting BV","url":"https:\/\/www.ardacon.com\/","logo":{"@type":"ImageObject","inLanguage":"de","@id":"https:\/\/www.ardacon.com\/#\/schema\/logo\/image\/","url":"https:\/\/www.ardacon.com\/wp-content\/uploads\/2016\/01\/logo-ardacon-1-e1455718117689.png","contentUrl":"https:\/\/www.ardacon.com\/wp-content\/uploads\/2016\/01\/logo-ardacon-1-e1455718117689.png","width":200,"height":100,"caption":"Ardacon Consulting BV"},"image":{"@id":"https:\/\/www.ardacon.com\/#\/schema\/logo\/image\/"}}]}},"_links":{"self":[{"href":"https:\/\/www.ardacon.com\/de\/wp-json\/wp\/v2\/pages\/13","targetHints":{"allow":["GET"]}}],"collection":[{"href":"https:\/\/www.ardacon.com\/de\/wp-json\/wp\/v2\/pages"}],"about":[{"href":"https:\/\/www.ardacon.com\/de\/wp-json\/wp\/v2\/types\/page"}],"author":[{"embeddable":true,"href":"https:\/\/www.ardacon.com\/de\/wp-json\/wp\/v2\/users\/1"}],"replies":[{"embeddable":true,"href":"https:\/\/www.ardacon.com\/de\/wp-json\/wp\/v2\/comments?post=13"}],"version-history":[{"count":38,"href":"https:\/\/www.ardacon.com\/de\/wp-json\/wp\/v2\/pages\/13\/revisions"}],"predecessor-version":[{"id":854,"href":"https:\/\/www.ardacon.com\/de\/wp-json\/wp\/v2\/pages\/13\/revisions\/854"}],"wp:attachment":[{"href":"https:\/\/www.ardacon.com\/de\/wp-json\/wp\/v2\/media?parent=13"}],"curies":[{"name":"wp","href":"https:\/\/api.w.org\/{rel}","templated":true}]}}