{"id":115,"date":"2016-03-10T11:00:30","date_gmt":"2016-03-10T10:00:30","guid":{"rendered":"http:\/\/www.ardacon.com\/?page_id=115"},"modified":"2017-03-22T14:28:10","modified_gmt":"2017-03-22T13:28:10","slug":"sap-oplossingen","status":"publish","type":"page","link":"https:\/\/www.ardacon.com\/de\/sap-diensten\/sap-oplossingen\/","title":{"rendered":"SAP-L\u00f6sungen"},"content":{"rendered":"<section class=\"wpb-content-wrapper\"><p>[vc_row][vc_column][vc_column_text]\n<h3 style=\"text-align: left;\"><strong>Ein SAP-System ist f\u00fcr Ihr Unternehmen eine ziemliche Investition. Aus diesem Grund muss diese Investition nahtlos zu Ihren Betriebsprozessen passen und maximal genutzt werden k\u00f6nnen. Da Ihre Unternehmensprozesse nicht stillstehen, darf auch das SAP-System nicht stillstehen und werden st\u00e4ndig kleine oder gro\u00dfe Verbesserungsprojecte ben\u00f6tigt.\u00a0<\/strong><\/h3>\n[\/vc_column_text][\/vc_column][\/vc_row][vc_row][vc_column][vc_empty_space height=&#8220;40px&#8220;][\/vc_column][\/vc_row][vc_row][vc_column width=&#8220;1\/2&#8243;]<img decoding=\"async\" src=\"https:\/\/www.ardacon.com\/wp-content\/uploads\/2016\/03\/SAP-fiori-Mac.png\" width=\"600\" class=\"\" data-anim-type=\"\" \/>[\/vc_column][vc_column width=&#8220;1\/2&#8243;][vc_column_text]\n<p style=\"text-align: center;\"><strong><span style=\"text-align: center; font-size: 30px; color: #284a9a;\">Auf zur Verbesserung!<\/span><\/strong><\/p>\n<p>Ardacon begleitet Sie beim Verbesserungsplan! In einem solchen Plan schauen wir zusammen, welche Schritte unternommen werden m\u00fcssen, um das System effizienter zu nutzen. Ardacon bietet Ihnen daf\u00fcr zahllose M\u00f6glichkeiten: ob es sich nun um das Vereinfachen von Systemen handelt &#8211; zum Beispiel durch den Gebrauch von SAP Workflow &#8211; das Hinzuf\u00fcgen von neuen Funktionen, die Implementation neuer Releases, die Umsetzung von Standard-ERP-Prozessen oder ma\u00dfgefertigte Anpassungen durch unsere ABAP-Programmierer.<\/p>\n[\/vc_column_text][vc_btn title=&#8220;Ich m\u00f6chte meine SAP-Prozesse verbessern!&#8220; style=&#8220;flat&#8220; shape=&#8220;square&#8220; color=&#8220;green&#8220; align=&#8220;center&#8220; css_animation=&#8220;left-to-right&#8220; link=&#8220;url:http%3A%2F%2Fwww.ardacon.com%2Fcontact%2F||&#8220;][\/vc_column][\/vc_row][vc_row][vc_column][vc_empty_space height=&#8220;70px&#8220;][\/vc_column][\/vc_row][vc_row][vc_column width=&#8220;1\/2&#8243;][vc_column_text]\n<p style=\"text-align: center;\"><strong><span style=\"text-align: center; font-size: 30px; color: #284a9a;\">IT als Business Driver!<\/span><\/strong><\/p>\n<p>Die neue \u00d6konomie beruht auf IT. Gro\u00dfe Unternehmen wie momentan Uber und AirBnB holen ihren Konkurrenzvorteil aus deren IT und nicht aus einem Fuhrpark oder einer Hotelkette.<\/p>\n<p>Wir m\u00f6chten unseren Kunden bei diesem Schritt helfen, indem wir daf\u00fcr sorgen, dass die Kunden IT nicht als Kostenfaktor, sondern als Business Driver betrachten. Die neusten SAP Techniken wie SAP S\/4HANA, SAP Fiori sind bereit. Sind Sie es als Kunde auch?[\/vc_column_text][\/vc_column][vc_column width=&#8220;1\/2&#8243;]<img decoding=\"async\" src=\"https:\/\/www.ardacon.com\/wp-content\/uploads\/2016\/03\/SAP-HANA.png\" width=\"600\" class=\"\" data-anim-type=\"\" \/>[\/vc_column][\/vc_row][vc_row][vc_column][vc_empty_space height=&#8220;70px&#8220;][vc_separator border_width=&#8220;4&#8243; el_width=&#8220;50&#8243; margintop=&#8220;-30px&#8220;][\/vc_column][\/vc_row][vc_row][vc_column][vc_column_text]\n<p style=\"text-align: center;\"><strong><span style=\"text-align: center; font-size: 30px; color: #284a9a;\">Mehr Information \u00fcber diese SAP L\u00f6sungen<\/span><\/strong><\/p>\n<p style=\"text-align: center;\">[\/vc_column_text][\/vc_column][\/vc_row][vc_row][vc_column width=&#8220;1\/4&#8243;][vc_wp_text]<\/p>\n<p style=\"text-align: center;\"><a href=\"http:\/\/www.ardacon.com\/sap-diensten\/sap-oplossingen\/s4-hana\/\"><i class=\"fa fa-cloud fa-5x\" style=\"color:#284a9a\"><\/i><\/a><\/p>\n<h3 style=\"text-align: center;\"><a href=\"http:\/\/www.ardacon.com\/sap-diensten\/sap-oplossingen\/s4-hana\/\"><strong>S\/4HANA<\/strong><\/a><\/h3>\n<p>[\/vc_wp_text][\/vc_column][vc_column width=&#8220;1\/4&#8243;][vc_wp_text]<\/p>\n<p style=\"text-align: center;\"><a href=\"http:\/\/www.ardacon.com\/sap-diensten\/sap-oplossingen\/sap-fiori\/\"><i class=\"fa fa-list-alt fa-5x\" style=\"color:#284a9a\"><\/i><\/a><\/p>\n<h3 style=\"text-align: center;\"><a href=\"http:\/\/www.ardacon.com\/sap-diensten\/sap-oplossingen\/sap-fiori\/\"><strong>Fiori<\/strong><\/a><\/h3>\n<p>[\/vc_wp_text][\/vc_column][vc_column width=&#8220;1\/4&#8243;][vc_wp_text]<\/p>\n<p style=\"text-align: center;\"><a href=\"http:\/\/www.ardacon.com\/sap-diensten\/sap-oplossingen\/sap-workflow\/\"><i class=\"fa fa-code-fork fa-5x\" style=\"color:#284a9a\"><\/i><\/a><\/p>\n<h3 style=\"text-align: center;\"><a href=\"http:\/\/www.ardacon.com\/sap-diensten\/sap-oplossingen\/sap-workflow\/\"><strong>SAP Workflow<\/strong><\/a><\/h3>\n<p>[\/vc_wp_text][\/vc_column][vc_column width=&#8220;1\/4&#8243;][vc_wp_text]<\/p>\n<p style=\"text-align: center;\"><a href=\"http:\/\/www.ardacon.com\/sap-diensten\/sap-oplossingen\/mobile-solutions\/\"><i class=\"fa fa-mobile-phone fa-5x\" style=\"color:#284a9a\"><\/i><\/a><\/p>\n<h3 style=\"text-align: center;\"><a href=\"http:\/\/www.ardacon.com\/sap-diensten\/sap-oplossingen\/mobile-solutions\/\"><strong>Mobile Solutions<\/strong><\/a><\/h3>\n<p>[\/vc_wp_text][\/vc_column][\/vc_row][vc_row][vc_column][vc_empty_space height=&#8220;70px&#8220;][\/vc_column][\/vc_row][vc_row][vc_column][vc_cta h2=&#8220;Wir machen zusammen den Schritt vorw\u00e4rts!&#8220; txt_align=&#8220;center&#8220; shape=&#8220;square&#8220; style=&#8220;flat&#8220; color=&#8220;orange&#8220; add_icon=&#8220;bottom&#8220; i_icon_fontawesome=&#8220;fa fa-arrow-right&#8220; i_color=&#8220;orange&#8220; i_background_style=&#8220;rounded&#8220; i_background_color=&#8220;white&#8220; i_size=&#8220;xl&#8220; i_css_animation=&#8220;left-to-right&#8220; i_link=&#8220;url:http%3A%2F%2Fwww.ardacon.com%2Fcontact%2F||&#8220;]<\/p>\n<h4><span style=\"color: #ffffff;\"><strong>Unsere erfahrenen Berater untersuchen gerne, wie Ardacon Ihrem Unternehmen als Business Partner helfen kann. Z\u00f6gern Sie nicht und machen Sie zusammen mit uns einen Schritt vorw\u00e4rts!<\/strong><\/span><\/h4>\n<p>[\/vc_cta][\/vc_column][\/vc_row][vc_row][vc_column][vc_empty_space height=&#8220;70px&#8220;][\/vc_column][\/vc_row][vc_row][vc_column][vc_column_text]\n<p style=\"text-align: center;\"><strong><span style=\"text-align: center; font-size: 30px; color: #284a9a;\">Kundenportfolio<\/span><\/strong><\/p>\n[\/vc_column_text][vc_separator border_width=&#8220;4&#8243; el_width=&#8220;50&#8243; margintop=&#8220;-30px&#8220;][\/vc_column][\/vc_row][vc_row][vc_column width=&#8220;1\/6&#8243;]<img decoding=\"async\" src=\"https:\/\/www.ardacon.com\/wp-content\/uploads\/2016\/03\/Rijko.png\" class=\" aligncenter\" data-anim-type=\"\" \/>[\/vc_column][vc_column width=&#8220;1\/6&#8243;]<img decoding=\"async\" src=\"https:\/\/www.ardacon.com\/wp-content\/uploads\/2016\/01\/Friesland-Campina.png\" class=\" aligncenter\" data-anim-type=\"\" \/>[\/vc_column][vc_column width=&#8220;1\/6&#8243;]<img decoding=\"async\" src=\"https:\/\/www.ardacon.com\/wp-content\/uploads\/2016\/01\/Emmtec.png\" class=\" aligncenter\" data-anim-type=\"\" \/>[\/vc_column][vc_column width=&#8220;1\/6&#8243;]<img decoding=\"async\" src=\"https:\/\/www.ardacon.com\/wp-content\/uploads\/2016\/01\/Philips.png\" class=\" aligncenter\" data-anim-type=\"\" \/>[\/vc_column][vc_column width=&#8220;1\/6&#8243;]<img decoding=\"async\" src=\"https:\/\/www.ardacon.com\/wp-content\/uploads\/2016\/01\/Enexis.png\" class=\" aligncenter\" data-anim-type=\"\" \/>[\/vc_column][vc_column width=&#8220;1\/6&#8243;]<img decoding=\"async\" src=\"https:\/\/www.ardacon.com\/wp-content\/uploads\/2016\/01\/NS-1.png\" class=\" aligncenter\" data-anim-type=\"\" \/>[\/vc_column][\/vc_row]<\/p>\n<\/section>","protected":false},"excerpt":{"rendered":"<p>[vc_row][vc_column][vc_column_text] Ein SAP-System ist f\u00fcr Ihr Unternehmen eine ziemliche Investition. Aus diesem Grund muss diese Investition nahtlos zu Ihren Betriebsprozessen [&hellip;]<\/p>\n","protected":false},"author":1,"featured_media":0,"parent":13,"menu_order":0,"comment_status":"closed","ping_status":"closed","template":"","meta":{"footnotes":""},"class_list":["post-115","page","type-page","status-publish","hentry"],"yoast_head":"<!-- This site is optimized with the Yoast SEO plugin v27.4 - https:\/\/yoast.com\/product\/yoast-seo-wordpress\/ -->\n<title>SAP Oplossingen - Ardacon<\/title>\n<meta name=\"description\" content=\"Omdat uw bedrijfsprocessen niet stil staan kan ook het SAP systeem niet stil staan. De SAP oplossingen van Ardacon houden u en uw organisatie in beweging.\" \/>\n<meta name=\"robots\" content=\"index, follow, max-snippet:-1, max-image-preview:large, max-video-preview:-1\" \/>\n<link rel=\"canonical\" href=\"https:\/\/www.ardacon.com\/en\/sap-diensten\/sap-oplossingen\/\" \/>\n<meta property=\"og:locale\" content=\"de_DE\" \/>\n<meta property=\"og:type\" content=\"article\" \/>\n<meta property=\"og:title\" content=\"SAP Oplossingen - Ardacon\" \/>\n<meta property=\"og:description\" content=\"Omdat uw bedrijfsprocessen niet stil staan kan ook het SAP systeem niet stil staan. De SAP oplossingen van Ardacon houden u en uw organisatie in beweging.\" \/>\n<meta property=\"og:url\" content=\"https:\/\/www.ardacon.com\/en\/sap-diensten\/sap-oplossingen\/\" \/>\n<meta property=\"og:site_name\" content=\"Ardacon\" \/>\n<meta property=\"article:modified_time\" content=\"2017-03-22T13:28:10+00:00\" \/>\n<meta name=\"twitter:card\" content=\"summary_large_image\" \/>\n<meta name=\"twitter:label1\" content=\"Gesch\u00e4tzte Lesezeit\" \/>\n\t<meta name=\"twitter:data1\" content=\"11\u00a0Minuten\" \/>\n<script type=\"application\/ld+json\" class=\"yoast-schema-graph\">{\"@context\":\"https:\\\/\\\/schema.org\",\"@graph\":[{\"@type\":\"WebPage\",\"@id\":\"https:\\\/\\\/www.ardacon.com\\\/en\\\/sap-diensten\\\/sap-oplossingen\\\/\",\"url\":\"https:\\\/\\\/www.ardacon.com\\\/en\\\/sap-diensten\\\/sap-oplossingen\\\/\",\"name\":\"SAP Oplossingen - Ardacon\",\"isPartOf\":{\"@id\":\"https:\\\/\\\/www.ardacon.com\\\/#website\"},\"datePublished\":\"2016-03-10T10:00:30+00:00\",\"dateModified\":\"2017-03-22T13:28:10+00:00\",\"description\":\"Omdat uw bedrijfsprocessen niet stil staan kan ook het SAP systeem niet stil staan. De SAP oplossingen van Ardacon houden u en uw organisatie in beweging.\",\"breadcrumb\":{\"@id\":\"https:\\\/\\\/www.ardacon.com\\\/en\\\/sap-diensten\\\/sap-oplossingen\\\/#breadcrumb\"},\"inLanguage\":\"de\",\"potentialAction\":[{\"@type\":\"ReadAction\",\"target\":[\"https:\\\/\\\/www.ardacon.com\\\/en\\\/sap-diensten\\\/sap-oplossingen\\\/\"]}]},{\"@type\":\"BreadcrumbList\",\"@id\":\"https:\\\/\\\/www.ardacon.com\\\/en\\\/sap-diensten\\\/sap-oplossingen\\\/#breadcrumb\",\"itemListElement\":[{\"@type\":\"ListItem\",\"position\":1,\"name\":\"Home\",\"item\":\"https:\\\/\\\/www.ardacon.com\\\/\"},{\"@type\":\"ListItem\",\"position\":2,\"name\":\"Diensten\",\"item\":\"https:\\\/\\\/www.ardacon.com\\\/en\\\/sap-diensten\\\/\"},{\"@type\":\"ListItem\",\"position\":3,\"name\":\"SAP solutions\"}]},{\"@type\":\"WebSite\",\"@id\":\"https:\\\/\\\/www.ardacon.com\\\/#website\",\"url\":\"https:\\\/\\\/www.ardacon.com\\\/\",\"name\":\"Ardacon\",\"description\":\"Uw business partner voor SAP solutions\",\"publisher\":{\"@id\":\"https:\\\/\\\/www.ardacon.com\\\/#organization\"},\"potentialAction\":[{\"@type\":\"SearchAction\",\"target\":{\"@type\":\"EntryPoint\",\"urlTemplate\":\"https:\\\/\\\/www.ardacon.com\\\/?s={search_term_string}\"},\"query-input\":{\"@type\":\"PropertyValueSpecification\",\"valueRequired\":true,\"valueName\":\"search_term_string\"}}],\"inLanguage\":\"de\"},{\"@type\":\"Organization\",\"@id\":\"https:\\\/\\\/www.ardacon.com\\\/#organization\",\"name\":\"Ardacon Consulting BV\",\"url\":\"https:\\\/\\\/www.ardacon.com\\\/\",\"logo\":{\"@type\":\"ImageObject\",\"inLanguage\":\"de\",\"@id\":\"https:\\\/\\\/www.ardacon.com\\\/#\\\/schema\\\/logo\\\/image\\\/\",\"url\":\"https:\\\/\\\/www.ardacon.com\\\/wp-content\\\/uploads\\\/2016\\\/01\\\/logo-ardacon-1-e1455718117689.png\",\"contentUrl\":\"https:\\\/\\\/www.ardacon.com\\\/wp-content\\\/uploads\\\/2016\\\/01\\\/logo-ardacon-1-e1455718117689.png\",\"width\":200,\"height\":100,\"caption\":\"Ardacon Consulting BV\"},\"image\":{\"@id\":\"https:\\\/\\\/www.ardacon.com\\\/#\\\/schema\\\/logo\\\/image\\\/\"}}]}<\/script>\n<!-- \/ Yoast SEO plugin. -->","yoast_head_json":{"title":"SAP Oplossingen - Ardacon","description":"Omdat uw bedrijfsprocessen niet stil staan kan ook het SAP systeem niet stil staan. De SAP oplossingen van Ardacon houden u en uw organisatie in beweging.","robots":{"index":"index","follow":"follow","max-snippet":"max-snippet:-1","max-image-preview":"max-image-preview:large","max-video-preview":"max-video-preview:-1"},"canonical":"https:\/\/www.ardacon.com\/en\/sap-diensten\/sap-oplossingen\/","og_locale":"de_DE","og_type":"article","og_title":"SAP Oplossingen - Ardacon","og_description":"Omdat uw bedrijfsprocessen niet stil staan kan ook het SAP systeem niet stil staan. De SAP oplossingen van Ardacon houden u en uw organisatie in beweging.","og_url":"https:\/\/www.ardacon.com\/en\/sap-diensten\/sap-oplossingen\/","og_site_name":"Ardacon","article_modified_time":"2017-03-22T13:28:10+00:00","twitter_card":"summary_large_image","twitter_misc":{"Gesch\u00e4tzte Lesezeit":"11\u00a0Minuten"},"schema":{"@context":"https:\/\/schema.org","@graph":[{"@type":"WebPage","@id":"https:\/\/www.ardacon.com\/en\/sap-diensten\/sap-oplossingen\/","url":"https:\/\/www.ardacon.com\/en\/sap-diensten\/sap-oplossingen\/","name":"SAP Oplossingen - Ardacon","isPartOf":{"@id":"https:\/\/www.ardacon.com\/#website"},"datePublished":"2016-03-10T10:00:30+00:00","dateModified":"2017-03-22T13:28:10+00:00","description":"Omdat uw bedrijfsprocessen niet stil staan kan ook het SAP systeem niet stil staan. De SAP oplossingen van Ardacon houden u en uw organisatie in beweging.","breadcrumb":{"@id":"https:\/\/www.ardacon.com\/en\/sap-diensten\/sap-oplossingen\/#breadcrumb"},"inLanguage":"de","potentialAction":[{"@type":"ReadAction","target":["https:\/\/www.ardacon.com\/en\/sap-diensten\/sap-oplossingen\/"]}]},{"@type":"BreadcrumbList","@id":"https:\/\/www.ardacon.com\/en\/sap-diensten\/sap-oplossingen\/#breadcrumb","itemListElement":[{"@type":"ListItem","position":1,"name":"Home","item":"https:\/\/www.ardacon.com\/"},{"@type":"ListItem","position":2,"name":"Diensten","item":"https:\/\/www.ardacon.com\/en\/sap-diensten\/"},{"@type":"ListItem","position":3,"name":"SAP solutions"}]},{"@type":"WebSite","@id":"https:\/\/www.ardacon.com\/#website","url":"https:\/\/www.ardacon.com\/","name":"Ardacon","description":"Uw business partner voor SAP solutions","publisher":{"@id":"https:\/\/www.ardacon.com\/#organization"},"potentialAction":[{"@type":"SearchAction","target":{"@type":"EntryPoint","urlTemplate":"https:\/\/www.ardacon.com\/?s={search_term_string}"},"query-input":{"@type":"PropertyValueSpecification","valueRequired":true,"valueName":"search_term_string"}}],"inLanguage":"de"},{"@type":"Organization","@id":"https:\/\/www.ardacon.com\/#organization","name":"Ardacon Consulting BV","url":"https:\/\/www.ardacon.com\/","logo":{"@type":"ImageObject","inLanguage":"de","@id":"https:\/\/www.ardacon.com\/#\/schema\/logo\/image\/","url":"https:\/\/www.ardacon.com\/wp-content\/uploads\/2016\/01\/logo-ardacon-1-e1455718117689.png","contentUrl":"https:\/\/www.ardacon.com\/wp-content\/uploads\/2016\/01\/logo-ardacon-1-e1455718117689.png","width":200,"height":100,"caption":"Ardacon Consulting BV"},"image":{"@id":"https:\/\/www.ardacon.com\/#\/schema\/logo\/image\/"}}]}},"_links":{"self":[{"href":"https:\/\/www.ardacon.com\/de\/wp-json\/wp\/v2\/pages\/115","targetHints":{"allow":["GET"]}}],"collection":[{"href":"https:\/\/www.ardacon.com\/de\/wp-json\/wp\/v2\/pages"}],"about":[{"href":"https:\/\/www.ardacon.com\/de\/wp-json\/wp\/v2\/types\/page"}],"author":[{"embeddable":true,"href":"https:\/\/www.ardacon.com\/de\/wp-json\/wp\/v2\/users\/1"}],"replies":[{"embeddable":true,"href":"https:\/\/www.ardacon.com\/de\/wp-json\/wp\/v2\/comments?post=115"}],"version-history":[{"count":18,"href":"https:\/\/www.ardacon.com\/de\/wp-json\/wp\/v2\/pages\/115\/revisions"}],"predecessor-version":[{"id":574,"href":"https:\/\/www.ardacon.com\/de\/wp-json\/wp\/v2\/pages\/115\/revisions\/574"}],"up":[{"embeddable":true,"href":"https:\/\/www.ardacon.com\/de\/wp-json\/wp\/v2\/pages\/13"}],"wp:attachment":[{"href":"https:\/\/www.ardacon.com\/de\/wp-json\/wp\/v2\/media?parent=115"}],"curies":[{"name":"wp","href":"https:\/\/api.w.org\/{rel}","templated":true}]}}